{"id":2809,"date":"2023-01-26T15:30:44","date_gmt":"2023-01-26T14:30:44","guid":{"rendered":"https:\/\/payroll.freelance.com\/?page_id=2809"},"modified":"2023-02-13T15:08:44","modified_gmt":"2023-02-13T14:08:44","slug":"developper-en-france-sans-structure-juridique","status":"publish","type":"page","link":"https:\/\/payroll.freelance.com\/fr\/guide-developpement-france\/developper-en-france-sans-structure-juridique\/","title":{"rendered":"Comment d\u00e9velopper son activit\u00e9 en France sans structure juridique ?"},"content":{"rendered":"\n<p>Pour recruter de nouvelles comp\u00e9tences, les entreprises&nbsp; \u00e9trang\u00e8res disposent de diff\u00e9rentes options dont celle de l\u2019externalisation ou du recrutement classique.<\/p>\n\n\n\n<p><strong>L\u2019externalisation, permet \u00e0 l\u2019entreprise de d\u00e9l\u00e9guer <\/strong>la r\u00e9alisation de certaines missions \u00e0 un prestataire externe. Elle permet aussi \u00e0 l\u2019entreprise un investissement financier r\u00e9duit, et constitue un moyen efficace de trouver des comp\u00e9tences rares rapidement. En outre, l\u2019externalisation permet \u00e0 l\u2019entreprise externalisatrice de ma\u00eetriser la p\u00e9riode d\u2019intervention des talents externes qu\u2019elle recrute, selon ses besoins et selon son degr\u00e9 de satisfaction.<\/p>\n\n\n\n<p>Le recrutement de salari\u00e9s est pr\u00e9f\u00e9rable lorsqu&rsquo;il s\u2019agit de fonctions cl\u00e9s pour l\u2019entreprise car celle &#8211; ci aura besoin&nbsp;\u00e0 long terme de ces comp\u00e9tences en interne.&nbsp;<\/p>\n\n\n\n<p>Selon les cas, l&rsquo;externalisation peut repr\u00e9senter un budget plus important que le recrutement, cela d\u00e9pendra du niveau de production du prestataire externe qui peut parfois \u00eatre plus \u00e9lev\u00e9 que celle d\u2019un salari\u00e9.<\/p>\n\n\n\n<p>Qu\u2019il s&rsquo;agisse de recrutement interne ou d\u2019externalisation, une entreprise \u00e9trang\u00e8re est autoris\u00e9e \u00e0 recruter ou \u00e0 externaliser en France \u00e0 condition qu\u2019elle ait <strong>une existence juridique ou une structure interm\u00e9diaire<\/strong> qui lui permette de r\u00e9aliser des d\u00e9marches administratives et juridiques.<\/p>\n\n\n\n<p>Comment une entreprise \u00e9trang\u00e8re peut-elle recruter ou externaliser en France ? Faisons le point.<\/p>\n\n\n\n<p><\/p>\n","protected":false},"excerpt":{"rendered":"<p>Pour recruter de nouvelles comp\u00e9tences, les entreprises&nbsp; \u00e9trang\u00e8res disposent de diff\u00e9rentes options dont celle de l\u2019externalisation ou du recrutement classique. L\u2019externalisation, permet \u00e0 l\u2019entreprise de d\u00e9l\u00e9guer la r\u00e9alisation de certaines missions \u00e0 un prestataire externe. Elle permet aussi \u00e0 l\u2019entreprise un investissement financier r\u00e9duit, et constitue un moyen efficace de trouver des comp\u00e9tences rares rapidement. [&hellip;]<\/p>\n","protected":false},"author":2,"featured_media":2812,"parent":2331,"menu_order":0,"comment_status":"closed","ping_status":"closed","template":"","meta":{"inline_featured_image":false,"footnotes":""},"class_list":["post-2809","page","type-page","status-publish","has-post-thumbnail","hentry"],"acf":[],"yoast_head":"<!-- This site is optimized with the Yoast SEO plugin v27.3 - https:\/\/yoast.com\/product\/yoast-seo-wordpress\/ -->\n<title>Se d\u00e9velopper en France sans structure - Payroll by Freelance.com<\/title>\n<meta name=\"description\" content=\"Employer des salari\u00e9s ou externaliser vos services en France sans cr\u00e9er de structure juridique en tant qu&#039;entreprise ! - Payroll by Freelance.com\" \/>\n<meta name=\"robots\" content=\"index, follow, max-snippet:-1, max-image-preview:large, max-video-preview:-1\" \/>\n<link rel=\"canonical\" href=\"https:\/\/payroll.freelance.com\/fr\/guide-developpement-france\/developper-en-france-sans-structure-juridique\/\" \/>\n<meta property=\"og:locale\" content=\"fr_FR\" \/>\n<meta property=\"og:type\" content=\"article\" \/>\n<meta property=\"og:title\" content=\"Se d\u00e9velopper en France sans structure - Payroll by Freelance.com\" \/>\n<meta property=\"og:description\" content=\"Employer des salari\u00e9s ou externaliser vos services en France sans cr\u00e9er de structure juridique en tant qu&#039;entreprise ! - Payroll by Freelance.com\" \/>\n<meta property=\"og:url\" content=\"https:\/\/payroll.freelance.com\/fr\/guide-developpement-france\/developper-en-france-sans-structure-juridique\/\" \/>\n<meta property=\"og:site_name\" content=\"Payroll\" \/>\n<meta property=\"article:modified_time\" content=\"2023-02-13T14:08:44+00:00\" \/>\n<meta property=\"og:image\" content=\"https:\/\/payroll.freelance.com\/wp-content\/uploads\/2023\/01\/se-developper-en-france-sans-structure-juridque.jpg\" \/>\n\t<meta property=\"og:image:width\" content=\"1200\" \/>\n\t<meta property=\"og:image:height\" content=\"801\" \/>\n\t<meta property=\"og:image:type\" content=\"image\/jpeg\" \/>\n<meta name=\"twitter:card\" content=\"summary_large_image\" \/>\n<meta name=\"twitter:label1\" content=\"Dur\u00e9e de lecture estim\u00e9e\" \/>\n\t<meta name=\"twitter:data1\" content=\"1 minute\" \/>\n<script type=\"application\/ld+json\" class=\"yoast-schema-graph\">{\"@context\":\"https:\\\/\\\/schema.org\",\"@graph\":[{\"@type\":\"WebPage\",\"@id\":\"https:\\\/\\\/payroll.freelance.com\\\/fr\\\/guide-developpement-france\\\/developper-en-france-sans-structure-juridique\\\/\",\"url\":\"https:\\\/\\\/payroll.freelance.com\\\/fr\\\/guide-developpement-france\\\/developper-en-france-sans-structure-juridique\\\/\",\"name\":\"Se d\u00e9velopper en France sans structure - Payroll by Freelance.com\",\"isPartOf\":{\"@id\":\"https:\\\/\\\/payroll.freelance.com\\\/fr\\\/#website\"},\"primaryImageOfPage\":{\"@id\":\"https:\\\/\\\/payroll.freelance.com\\\/fr\\\/guide-developpement-france\\\/developper-en-france-sans-structure-juridique\\\/#primaryimage\"},\"image\":{\"@id\":\"https:\\\/\\\/payroll.freelance.com\\\/fr\\\/guide-developpement-france\\\/developper-en-france-sans-structure-juridique\\\/#primaryimage\"},\"thumbnailUrl\":\"https:\\\/\\\/payroll.freelance.com\\\/wp-content\\\/uploads\\\/2023\\\/01\\\/se-developper-en-france-sans-structure-juridque.jpg\",\"datePublished\":\"2023-01-26T14:30:44+00:00\",\"dateModified\":\"2023-02-13T14:08:44+00:00\",\"description\":\"Employer des salari\u00e9s ou externaliser vos services en France sans cr\u00e9er de structure juridique en tant qu'entreprise ! - Payroll by Freelance.com\",\"breadcrumb\":{\"@id\":\"https:\\\/\\\/payroll.freelance.com\\\/fr\\\/guide-developpement-france\\\/developper-en-france-sans-structure-juridique\\\/#breadcrumb\"},\"inLanguage\":\"fr-FR\",\"potentialAction\":[{\"@type\":\"ReadAction\",\"target\":[\"https:\\\/\\\/payroll.freelance.com\\\/fr\\\/guide-developpement-france\\\/developper-en-france-sans-structure-juridique\\\/\"]}]},{\"@type\":\"ImageObject\",\"inLanguage\":\"fr-FR\",\"@id\":\"https:\\\/\\\/payroll.freelance.com\\\/fr\\\/guide-developpement-france\\\/developper-en-france-sans-structure-juridique\\\/#primaryimage\",\"url\":\"https:\\\/\\\/payroll.freelance.com\\\/wp-content\\\/uploads\\\/2023\\\/01\\\/se-developper-en-france-sans-structure-juridque.jpg\",\"contentUrl\":\"https:\\\/\\\/payroll.freelance.com\\\/wp-content\\\/uploads\\\/2023\\\/01\\\/se-developper-en-france-sans-structure-juridque.jpg\",\"width\":1200,\"height\":801,\"caption\":\"Deux experts juridiques en ressources humaines expliquent comment se d\u00e9velopper en France \u00e0 une entreprise\"},{\"@type\":\"BreadcrumbList\",\"@id\":\"https:\\\/\\\/payroll.freelance.com\\\/fr\\\/guide-developpement-france\\\/developper-en-france-sans-structure-juridique\\\/#breadcrumb\",\"itemListElement\":[{\"@type\":\"ListItem\",\"position\":1,\"name\":\"Accueil\",\"item\":\"https:\\\/\\\/payroll.freelance.com\\\/fr\\\/\"},{\"@type\":\"ListItem\",\"position\":2,\"name\":\"Guide de la croissance en France\",\"item\":\"https:\\\/\\\/payroll.freelance.com\\\/fr\\\/guide-developpement-france\\\/\"},{\"@type\":\"ListItem\",\"position\":3,\"name\":\"Comment d\u00e9velopper son activit\u00e9 en France sans structure juridique ?\"}]},{\"@type\":\"WebSite\",\"@id\":\"https:\\\/\\\/payroll.freelance.com\\\/fr\\\/#website\",\"url\":\"https:\\\/\\\/payroll.freelance.com\\\/fr\\\/\",\"name\":\"Payroll\",\"description\":\"\",\"potentialAction\":[{\"@type\":\"SearchAction\",\"target\":{\"@type\":\"EntryPoint\",\"urlTemplate\":\"https:\\\/\\\/payroll.freelance.com\\\/fr\\\/?s={search_term_string}\"},\"query-input\":{\"@type\":\"PropertyValueSpecification\",\"valueRequired\":true,\"valueName\":\"search_term_string\"}}],\"inLanguage\":\"fr-FR\"}]}<\/script>\n<!-- \/ Yoast SEO plugin. -->","yoast_head_json":{"title":"Se d\u00e9velopper en France sans structure - Payroll by Freelance.com","description":"Employer des salari\u00e9s ou externaliser vos services en France sans cr\u00e9er de structure juridique en tant qu'entreprise ! - Payroll by Freelance.com","robots":{"index":"index","follow":"follow","max-snippet":"max-snippet:-1","max-image-preview":"max-image-preview:large","max-video-preview":"max-video-preview:-1"},"canonical":"https:\/\/payroll.freelance.com\/fr\/guide-developpement-france\/developper-en-france-sans-structure-juridique\/","og_locale":"fr_FR","og_type":"article","og_title":"Se d\u00e9velopper en France sans structure - Payroll by Freelance.com","og_description":"Employer des salari\u00e9s ou externaliser vos services en France sans cr\u00e9er de structure juridique en tant qu'entreprise ! - Payroll by Freelance.com","og_url":"https:\/\/payroll.freelance.com\/fr\/guide-developpement-france\/developper-en-france-sans-structure-juridique\/","og_site_name":"Payroll","article_modified_time":"2023-02-13T14:08:44+00:00","og_image":[{"width":1200,"height":801,"url":"https:\/\/payroll.freelance.com\/wp-content\/uploads\/2023\/01\/se-developper-en-france-sans-structure-juridque.jpg","type":"image\/jpeg"}],"twitter_card":"summary_large_image","twitter_misc":{"Dur\u00e9e de lecture estim\u00e9e":"1 minute"},"schema":{"@context":"https:\/\/schema.org","@graph":[{"@type":"WebPage","@id":"https:\/\/payroll.freelance.com\/fr\/guide-developpement-france\/developper-en-france-sans-structure-juridique\/","url":"https:\/\/payroll.freelance.com\/fr\/guide-developpement-france\/developper-en-france-sans-structure-juridique\/","name":"Se d\u00e9velopper en France sans structure - Payroll by Freelance.com","isPartOf":{"@id":"https:\/\/payroll.freelance.com\/fr\/#website"},"primaryImageOfPage":{"@id":"https:\/\/payroll.freelance.com\/fr\/guide-developpement-france\/developper-en-france-sans-structure-juridique\/#primaryimage"},"image":{"@id":"https:\/\/payroll.freelance.com\/fr\/guide-developpement-france\/developper-en-france-sans-structure-juridique\/#primaryimage"},"thumbnailUrl":"https:\/\/payroll.freelance.com\/wp-content\/uploads\/2023\/01\/se-developper-en-france-sans-structure-juridque.jpg","datePublished":"2023-01-26T14:30:44+00:00","dateModified":"2023-02-13T14:08:44+00:00","description":"Employer des salari\u00e9s ou externaliser vos services en France sans cr\u00e9er de structure juridique en tant qu'entreprise ! - Payroll by Freelance.com","breadcrumb":{"@id":"https:\/\/payroll.freelance.com\/fr\/guide-developpement-france\/developper-en-france-sans-structure-juridique\/#breadcrumb"},"inLanguage":"fr-FR","potentialAction":[{"@type":"ReadAction","target":["https:\/\/payroll.freelance.com\/fr\/guide-developpement-france\/developper-en-france-sans-structure-juridique\/"]}]},{"@type":"ImageObject","inLanguage":"fr-FR","@id":"https:\/\/payroll.freelance.com\/fr\/guide-developpement-france\/developper-en-france-sans-structure-juridique\/#primaryimage","url":"https:\/\/payroll.freelance.com\/wp-content\/uploads\/2023\/01\/se-developper-en-france-sans-structure-juridque.jpg","contentUrl":"https:\/\/payroll.freelance.com\/wp-content\/uploads\/2023\/01\/se-developper-en-france-sans-structure-juridque.jpg","width":1200,"height":801,"caption":"Deux experts juridiques en ressources humaines expliquent comment se d\u00e9velopper en France \u00e0 une entreprise"},{"@type":"BreadcrumbList","@id":"https:\/\/payroll.freelance.com\/fr\/guide-developpement-france\/developper-en-france-sans-structure-juridique\/#breadcrumb","itemListElement":[{"@type":"ListItem","position":1,"name":"Accueil","item":"https:\/\/payroll.freelance.com\/fr\/"},{"@type":"ListItem","position":2,"name":"Guide de la croissance en France","item":"https:\/\/payroll.freelance.com\/fr\/guide-developpement-france\/"},{"@type":"ListItem","position":3,"name":"Comment d\u00e9velopper son activit\u00e9 en France sans structure juridique ?"}]},{"@type":"WebSite","@id":"https:\/\/payroll.freelance.com\/fr\/#website","url":"https:\/\/payroll.freelance.com\/fr\/","name":"Payroll","description":"","potentialAction":[{"@type":"SearchAction","target":{"@type":"EntryPoint","urlTemplate":"https:\/\/payroll.freelance.com\/fr\/?s={search_term_string}"},"query-input":{"@type":"PropertyValueSpecification","valueRequired":true,"valueName":"search_term_string"}}],"inLanguage":"fr-FR"}]}},"_links":{"self":[{"href":"https:\/\/payroll.freelance.com\/fr\/wp-json\/wp\/v2\/pages\/2809","targetHints":{"allow":["GET"]}}],"collection":[{"href":"https:\/\/payroll.freelance.com\/fr\/wp-json\/wp\/v2\/pages"}],"about":[{"href":"https:\/\/payroll.freelance.com\/fr\/wp-json\/wp\/v2\/types\/page"}],"author":[{"embeddable":true,"href":"https:\/\/payroll.freelance.com\/fr\/wp-json\/wp\/v2\/users\/2"}],"replies":[{"embeddable":true,"href":"https:\/\/payroll.freelance.com\/fr\/wp-json\/wp\/v2\/comments?post=2809"}],"version-history":[{"count":0,"href":"https:\/\/payroll.freelance.com\/fr\/wp-json\/wp\/v2\/pages\/2809\/revisions"}],"up":[{"embeddable":true,"href":"https:\/\/payroll.freelance.com\/fr\/wp-json\/wp\/v2\/pages\/2331"}],"wp:featuredmedia":[{"embeddable":true,"href":"https:\/\/payroll.freelance.com\/fr\/wp-json\/wp\/v2\/media\/2812"}],"wp:attachment":[{"href":"https:\/\/payroll.freelance.com\/fr\/wp-json\/wp\/v2\/media?parent=2809"}],"curies":[{"name":"wp","href":"https:\/\/api.w.org\/{rel}","templated":true}]}}