{"id":2806,"date":"2023-01-26T13:00:29","date_gmt":"2023-01-26T12:00:29","guid":{"rendered":"https:\/\/payroll.freelance.com\/?page_id=2806"},"modified":"2023-02-13T15:16:13","modified_gmt":"2023-02-13T14:16:13","slug":"comment-migrer-employes-en-france","status":"publish","type":"page","link":"https:\/\/payroll.freelance.com\/fr\/guide-developpement-france\/comment-migrer-employes-en-france\/","title":{"rendered":"Comment migrer ses salari\u00e9s en France quand on est une entreprise \u00e9trang\u00e8re ?"},"content":{"rendered":"\n<p>L&rsquo;expatriation est une situation qui peut se produire lorsqu\u2019une soci\u00e9t\u00e9-m\u00e8re souhaite envoyer l\u2019un de ses salari\u00e9s travailler \u00e0 l\u2019\u00e9tranger au sein d\u2019une filiale par exemple ou bien au sein d\u2019une autre entreprise.<\/p>\n\n\n\n<p><strong>L&rsquo;expatriation est parfois confondue avec la situation de d\u00e9tachement<\/strong> d\u2019un salari\u00e9 bien qu\u2019il s\u2019agisse de deux situations juridiques distinctes dont <strong>les conditions l\u00e9gales et les cons\u00e9quences juridiques sont diff\u00e9rentes<\/strong>.<\/p>\n\n\n\n<p>Voyons dans cet article les diff\u00e9rences entre les situations d&rsquo;expatriation et de d\u00e9tachement et quels sont les moyens juridiques et mat\u00e9riels dont dispose une entreprise \u00e9trang\u00e8re pour mettre en place l\u2019expatriation de ses salari\u00e9s en France.<\/p>\n\n\n\n<p><\/p>\n","protected":false},"excerpt":{"rendered":"<p>L&rsquo;expatriation est une situation qui peut se produire lorsqu\u2019une soci\u00e9t\u00e9-m\u00e8re souhaite envoyer l\u2019un de ses salari\u00e9s travailler \u00e0 l\u2019\u00e9tranger au sein d\u2019une filiale par exemple ou bien au sein d\u2019une autre entreprise. L&rsquo;expatriation est parfois confondue avec la situation de d\u00e9tachement d\u2019un salari\u00e9 bien qu\u2019il s\u2019agisse de deux situations juridiques distinctes dont les conditions l\u00e9gales [&hellip;]<\/p>\n","protected":false},"author":2,"featured_media":2807,"parent":2331,"menu_order":0,"comment_status":"closed","ping_status":"closed","template":"","meta":{"inline_featured_image":false,"footnotes":""},"class_list":["post-2806","page","type-page","status-publish","has-post-thumbnail","hentry"],"acf":[],"yoast_head":"<!-- This site is optimized with the Yoast SEO plugin v27.5 - https:\/\/yoast.com\/product\/yoast-seo-wordpress\/ -->\n<title>Comment expatrier des salari\u00e9s \u00e9trangers en France ? - Payroll<\/title>\n<meta name=\"description\" content=\"Apprenez tout ce qu&#039;il faut savoir sur la mutation de vos employ\u00e9s en France lorsque vous \u00eates une entreprise \u00e9trang\u00e8re - Payroll by Freelance.com\" \/>\n<meta name=\"robots\" content=\"index, follow, max-snippet:-1, max-image-preview:large, max-video-preview:-1\" \/>\n<link rel=\"canonical\" href=\"https:\/\/payroll.freelance.com\/fr\/guide-developpement-france\/comment-migrer-employes-en-france\/\" \/>\n<meta property=\"og:locale\" content=\"fr_FR\" \/>\n<meta property=\"og:type\" content=\"article\" \/>\n<meta property=\"og:title\" content=\"Comment expatrier des salari\u00e9s \u00e9trangers en France ? - Payroll\" \/>\n<meta property=\"og:description\" content=\"Apprenez tout ce qu&#039;il faut savoir sur la mutation de vos employ\u00e9s en France lorsque vous \u00eates une entreprise \u00e9trang\u00e8re - Payroll by Freelance.com\" \/>\n<meta property=\"og:url\" content=\"https:\/\/payroll.freelance.com\/fr\/guide-developpement-france\/comment-migrer-employes-en-france\/\" \/>\n<meta property=\"og:site_name\" content=\"Payroll\" \/>\n<meta property=\"article:modified_time\" content=\"2023-02-13T14:16:13+00:00\" \/>\n<meta property=\"og:image\" content=\"https:\/\/payroll.freelance.com\/wp-content\/uploads\/2023\/01\/migrer-salaries-france.jpg\" \/>\n\t<meta property=\"og:image:width\" content=\"1200\" \/>\n\t<meta property=\"og:image:height\" content=\"672\" \/>\n\t<meta property=\"og:image:type\" content=\"image\/jpeg\" \/>\n<meta name=\"twitter:card\" content=\"summary_large_image\" \/>\n<meta name=\"twitter:label1\" content=\"Dur\u00e9e de lecture estim\u00e9e\" \/>\n\t<meta name=\"twitter:data1\" content=\"1 minute\" \/>\n<script type=\"application\/ld+json\" class=\"yoast-schema-graph\">{\"@context\":\"https:\\\/\\\/schema.org\",\"@graph\":[{\"@type\":\"WebPage\",\"@id\":\"https:\\\/\\\/payroll.freelance.com\\\/fr\\\/guide-developpement-france\\\/comment-migrer-employes-en-france\\\/\",\"url\":\"https:\\\/\\\/payroll.freelance.com\\\/fr\\\/guide-developpement-france\\\/comment-migrer-employes-en-france\\\/\",\"name\":\"Comment expatrier des salari\u00e9s \u00e9trangers en France ? - Payroll\",\"isPartOf\":{\"@id\":\"https:\\\/\\\/payroll.freelance.com\\\/fr\\\/#website\"},\"primaryImageOfPage\":{\"@id\":\"https:\\\/\\\/payroll.freelance.com\\\/fr\\\/guide-developpement-france\\\/comment-migrer-employes-en-france\\\/#primaryimage\"},\"image\":{\"@id\":\"https:\\\/\\\/payroll.freelance.com\\\/fr\\\/guide-developpement-france\\\/comment-migrer-employes-en-france\\\/#primaryimage\"},\"thumbnailUrl\":\"https:\\\/\\\/payroll.freelance.com\\\/wp-content\\\/uploads\\\/2023\\\/01\\\/migrer-salaries-france.jpg\",\"datePublished\":\"2023-01-26T12:00:29+00:00\",\"dateModified\":\"2023-02-13T14:16:13+00:00\",\"description\":\"Apprenez tout ce qu'il faut savoir sur la mutation de vos employ\u00e9s en France lorsque vous \u00eates une entreprise \u00e9trang\u00e8re - Payroll by Freelance.com\",\"breadcrumb\":{\"@id\":\"https:\\\/\\\/payroll.freelance.com\\\/fr\\\/guide-developpement-france\\\/comment-migrer-employes-en-france\\\/#breadcrumb\"},\"inLanguage\":\"fr-FR\",\"potentialAction\":[{\"@type\":\"ReadAction\",\"target\":[\"https:\\\/\\\/payroll.freelance.com\\\/fr\\\/guide-developpement-france\\\/comment-migrer-employes-en-france\\\/\"]}]},{\"@type\":\"ImageObject\",\"inLanguage\":\"fr-FR\",\"@id\":\"https:\\\/\\\/payroll.freelance.com\\\/fr\\\/guide-developpement-france\\\/comment-migrer-employes-en-france\\\/#primaryimage\",\"url\":\"https:\\\/\\\/payroll.freelance.com\\\/wp-content\\\/uploads\\\/2023\\\/01\\\/migrer-salaries-france.jpg\",\"contentUrl\":\"https:\\\/\\\/payroll.freelance.com\\\/wp-content\\\/uploads\\\/2023\\\/01\\\/migrer-salaries-france.jpg\",\"width\":1200,\"height\":672,\"caption\":\"Un avion d\u00e9colle avec, \u00e0 son bord des salari\u00e9s \u00e9trangers \u00e0 destination de la France\"},{\"@type\":\"BreadcrumbList\",\"@id\":\"https:\\\/\\\/payroll.freelance.com\\\/fr\\\/guide-developpement-france\\\/comment-migrer-employes-en-france\\\/#breadcrumb\",\"itemListElement\":[{\"@type\":\"ListItem\",\"position\":1,\"name\":\"Accueil\",\"item\":\"https:\\\/\\\/payroll.freelance.com\\\/fr\\\/\"},{\"@type\":\"ListItem\",\"position\":2,\"name\":\"Guide de la croissance en France\",\"item\":\"https:\\\/\\\/payroll.freelance.com\\\/fr\\\/guide-developpement-france\\\/\"},{\"@type\":\"ListItem\",\"position\":3,\"name\":\"Comment migrer ses salari\u00e9s en France quand on est une entreprise \u00e9trang\u00e8re ?\"}]},{\"@type\":\"WebSite\",\"@id\":\"https:\\\/\\\/payroll.freelance.com\\\/fr\\\/#website\",\"url\":\"https:\\\/\\\/payroll.freelance.com\\\/fr\\\/\",\"name\":\"Payroll\",\"description\":\"\",\"potentialAction\":[{\"@type\":\"SearchAction\",\"target\":{\"@type\":\"EntryPoint\",\"urlTemplate\":\"https:\\\/\\\/payroll.freelance.com\\\/fr\\\/?s={search_term_string}\"},\"query-input\":{\"@type\":\"PropertyValueSpecification\",\"valueRequired\":true,\"valueName\":\"search_term_string\"}}],\"inLanguage\":\"fr-FR\"}]}<\/script>\n<!-- \/ Yoast SEO plugin. -->","yoast_head_json":{"title":"Comment expatrier des salari\u00e9s \u00e9trangers en France ? - Payroll","description":"Apprenez tout ce qu'il faut savoir sur la mutation de vos employ\u00e9s en France lorsque vous \u00eates une entreprise \u00e9trang\u00e8re - Payroll by Freelance.com","robots":{"index":"index","follow":"follow","max-snippet":"max-snippet:-1","max-image-preview":"max-image-preview:large","max-video-preview":"max-video-preview:-1"},"canonical":"https:\/\/payroll.freelance.com\/fr\/guide-developpement-france\/comment-migrer-employes-en-france\/","og_locale":"fr_FR","og_type":"article","og_title":"Comment expatrier des salari\u00e9s \u00e9trangers en France ? - Payroll","og_description":"Apprenez tout ce qu'il faut savoir sur la mutation de vos employ\u00e9s en France lorsque vous \u00eates une entreprise \u00e9trang\u00e8re - Payroll by Freelance.com","og_url":"https:\/\/payroll.freelance.com\/fr\/guide-developpement-france\/comment-migrer-employes-en-france\/","og_site_name":"Payroll","article_modified_time":"2023-02-13T14:16:13+00:00","og_image":[{"width":1200,"height":672,"url":"https:\/\/payroll.freelance.com\/wp-content\/uploads\/2023\/01\/migrer-salaries-france.jpg","type":"image\/jpeg"}],"twitter_card":"summary_large_image","twitter_misc":{"Dur\u00e9e de lecture estim\u00e9e":"1 minute"},"schema":{"@context":"https:\/\/schema.org","@graph":[{"@type":"WebPage","@id":"https:\/\/payroll.freelance.com\/fr\/guide-developpement-france\/comment-migrer-employes-en-france\/","url":"https:\/\/payroll.freelance.com\/fr\/guide-developpement-france\/comment-migrer-employes-en-france\/","name":"Comment expatrier des salari\u00e9s \u00e9trangers en France ? - Payroll","isPartOf":{"@id":"https:\/\/payroll.freelance.com\/fr\/#website"},"primaryImageOfPage":{"@id":"https:\/\/payroll.freelance.com\/fr\/guide-developpement-france\/comment-migrer-employes-en-france\/#primaryimage"},"image":{"@id":"https:\/\/payroll.freelance.com\/fr\/guide-developpement-france\/comment-migrer-employes-en-france\/#primaryimage"},"thumbnailUrl":"https:\/\/payroll.freelance.com\/wp-content\/uploads\/2023\/01\/migrer-salaries-france.jpg","datePublished":"2023-01-26T12:00:29+00:00","dateModified":"2023-02-13T14:16:13+00:00","description":"Apprenez tout ce qu'il faut savoir sur la mutation de vos employ\u00e9s en France lorsque vous \u00eates une entreprise \u00e9trang\u00e8re - Payroll by Freelance.com","breadcrumb":{"@id":"https:\/\/payroll.freelance.com\/fr\/guide-developpement-france\/comment-migrer-employes-en-france\/#breadcrumb"},"inLanguage":"fr-FR","potentialAction":[{"@type":"ReadAction","target":["https:\/\/payroll.freelance.com\/fr\/guide-developpement-france\/comment-migrer-employes-en-france\/"]}]},{"@type":"ImageObject","inLanguage":"fr-FR","@id":"https:\/\/payroll.freelance.com\/fr\/guide-developpement-france\/comment-migrer-employes-en-france\/#primaryimage","url":"https:\/\/payroll.freelance.com\/wp-content\/uploads\/2023\/01\/migrer-salaries-france.jpg","contentUrl":"https:\/\/payroll.freelance.com\/wp-content\/uploads\/2023\/01\/migrer-salaries-france.jpg","width":1200,"height":672,"caption":"Un avion d\u00e9colle avec, \u00e0 son bord des salari\u00e9s \u00e9trangers \u00e0 destination de la France"},{"@type":"BreadcrumbList","@id":"https:\/\/payroll.freelance.com\/fr\/guide-developpement-france\/comment-migrer-employes-en-france\/#breadcrumb","itemListElement":[{"@type":"ListItem","position":1,"name":"Accueil","item":"https:\/\/payroll.freelance.com\/fr\/"},{"@type":"ListItem","position":2,"name":"Guide de la croissance en France","item":"https:\/\/payroll.freelance.com\/fr\/guide-developpement-france\/"},{"@type":"ListItem","position":3,"name":"Comment migrer ses salari\u00e9s en France quand on est une entreprise \u00e9trang\u00e8re ?"}]},{"@type":"WebSite","@id":"https:\/\/payroll.freelance.com\/fr\/#website","url":"https:\/\/payroll.freelance.com\/fr\/","name":"Payroll","description":"","potentialAction":[{"@type":"SearchAction","target":{"@type":"EntryPoint","urlTemplate":"https:\/\/payroll.freelance.com\/fr\/?s={search_term_string}"},"query-input":{"@type":"PropertyValueSpecification","valueRequired":true,"valueName":"search_term_string"}}],"inLanguage":"fr-FR"}]}},"_links":{"self":[{"href":"https:\/\/payroll.freelance.com\/fr\/wp-json\/wp\/v2\/pages\/2806","targetHints":{"allow":["GET"]}}],"collection":[{"href":"https:\/\/payroll.freelance.com\/fr\/wp-json\/wp\/v2\/pages"}],"about":[{"href":"https:\/\/payroll.freelance.com\/fr\/wp-json\/wp\/v2\/types\/page"}],"author":[{"embeddable":true,"href":"https:\/\/payroll.freelance.com\/fr\/wp-json\/wp\/v2\/users\/2"}],"replies":[{"embeddable":true,"href":"https:\/\/payroll.freelance.com\/fr\/wp-json\/wp\/v2\/comments?post=2806"}],"version-history":[{"count":0,"href":"https:\/\/payroll.freelance.com\/fr\/wp-json\/wp\/v2\/pages\/2806\/revisions"}],"up":[{"embeddable":true,"href":"https:\/\/payroll.freelance.com\/fr\/wp-json\/wp\/v2\/pages\/2331"}],"wp:featuredmedia":[{"embeddable":true,"href":"https:\/\/payroll.freelance.com\/fr\/wp-json\/wp\/v2\/media\/2807"}],"wp:attachment":[{"href":"https:\/\/payroll.freelance.com\/fr\/wp-json\/wp\/v2\/media?parent=2806"}],"curies":[{"name":"wp","href":"https:\/\/api.w.org\/{rel}","templated":true}]}}