{"id":2803,"date":"2023-01-25T18:00:45","date_gmt":"2023-01-25T17:00:45","guid":{"rendered":"https:\/\/payroll.freelance.com\/?page_id=2803"},"modified":"2023-02-13T15:26:21","modified_gmt":"2023-02-13T14:26:21","slug":"strategie-developpement-activites-france","status":"publish","type":"page","link":"https:\/\/payroll.freelance.com\/fr\/guide-developpement-france\/strategie-developpement-activites-france\/","title":{"rendered":"Quelle strat\u00e9gie adopter pour d\u00e9velopper ses activit\u00e9s en France ?"},"content":{"rendered":"\n<p>Cr\u00e9er et d\u00e9velopper une entreprise en France lorsqu\u2019on est une entreprise \u00e9trang\u00e8re n\u00e9cessite de d\u00e9couvrir une nouvelle culture d\u2019entreprise qui poss\u00e8de ses propres normes juridiques.<\/p>\n\n\n\n<p>Le droit du travail fran\u00e7ais appara\u00eet en effet comme un droit complexe et en perp\u00e9tuel mouvement, ce qui peut parfois repr\u00e9senter un frein pour certaines entreprises \u00e9trang\u00e8res.<\/p>\n\n\n\n<p>Faire appel \u00e0 un <strong>interm\u00e9diaire du travail sp\u00e9cialis\u00e9 dans le recrutement en France<\/strong>, permet aux entreprises \u00e9trang\u00e8res qui souhaitent d\u00e9velopper une activit\u00e9 en France d&rsquo;\u00eatre accompagn\u00e9es dans l\u2019application de la l\u00e9gislation du pays.<\/p>\n\n\n\n<p>Nous verrons dans cet article en quoi l&rsquo;accompagnement par un interm\u00e9diaire sp\u00e9cialis\u00e9 des entreprises \u00e9trang\u00e8res constitue une strat\u00e9gie pertinente au bon d\u00e9veloppement d\u2019une activit\u00e9 en France.<\/p>\n\n\n\n<p><\/p>\n","protected":false},"excerpt":{"rendered":"<p>Cr\u00e9er et d\u00e9velopper une entreprise en France lorsqu\u2019on est une entreprise \u00e9trang\u00e8re n\u00e9cessite de d\u00e9couvrir une nouvelle culture d\u2019entreprise qui poss\u00e8de ses propres normes juridiques. Le droit du travail fran\u00e7ais appara\u00eet en effet comme un droit complexe et en perp\u00e9tuel mouvement, ce qui peut parfois repr\u00e9senter un frein pour certaines entreprises \u00e9trang\u00e8res. Faire appel \u00e0 [&hellip;]<\/p>\n","protected":false},"author":2,"featured_media":2804,"parent":2331,"menu_order":0,"comment_status":"closed","ping_status":"closed","template":"","meta":{"inline_featured_image":false,"footnotes":""},"class_list":["post-2803","page","type-page","status-publish","has-post-thumbnail","hentry"],"acf":[],"yoast_head":"<!-- This site is optimized with the Yoast SEO plugin v27.3 - https:\/\/yoast.com\/product\/yoast-seo-wordpress\/ -->\n<title>Quelle m\u00e9thode adopter pour d\u00e9velopper son business en France ?<\/title>\n<meta name=\"description\" content=\"D\u00e9couvrez les meilleures m\u00e9thodes et \u00e9tapes \u00e0 suivre pour d\u00e9velopper votre business en France sans ouvrir de filiales - Payroll by Freelance.com\" \/>\n<meta name=\"robots\" content=\"index, follow, max-snippet:-1, max-image-preview:large, max-video-preview:-1\" \/>\n<link rel=\"canonical\" href=\"https:\/\/payroll.freelance.com\/fr\/guide-developpement-france\/strategie-developpement-activites-france\/\" \/>\n<meta property=\"og:locale\" content=\"fr_FR\" \/>\n<meta property=\"og:type\" content=\"article\" \/>\n<meta property=\"og:title\" content=\"Quelle m\u00e9thode adopter pour d\u00e9velopper son business en France ?\" \/>\n<meta property=\"og:description\" content=\"D\u00e9couvrez les meilleures m\u00e9thodes et \u00e9tapes \u00e0 suivre pour d\u00e9velopper votre business en France sans ouvrir de filiales - Payroll by Freelance.com\" \/>\n<meta property=\"og:url\" content=\"https:\/\/payroll.freelance.com\/fr\/guide-developpement-france\/strategie-developpement-activites-france\/\" \/>\n<meta property=\"og:site_name\" content=\"Payroll\" \/>\n<meta property=\"article:modified_time\" content=\"2023-02-13T14:26:21+00:00\" \/>\n<meta property=\"og:image\" content=\"https:\/\/payroll.freelance.com\/wp-content\/uploads\/2023\/01\/strategie-developpement-activites.jpg\" \/>\n\t<meta property=\"og:image:width\" content=\"1200\" \/>\n\t<meta property=\"og:image:height\" content=\"800\" \/>\n\t<meta property=\"og:image:type\" content=\"image\/jpeg\" \/>\n<meta name=\"twitter:card\" content=\"summary_large_image\" \/>\n<meta name=\"twitter:label1\" content=\"Dur\u00e9e de lecture estim\u00e9e\" \/>\n\t<meta name=\"twitter:data1\" content=\"1 minute\" \/>\n<script type=\"application\/ld+json\" class=\"yoast-schema-graph\">{\"@context\":\"https:\\\/\\\/schema.org\",\"@graph\":[{\"@type\":\"WebPage\",\"@id\":\"https:\\\/\\\/payroll.freelance.com\\\/fr\\\/guide-developpement-france\\\/strategie-developpement-activites-france\\\/\",\"url\":\"https:\\\/\\\/payroll.freelance.com\\\/fr\\\/guide-developpement-france\\\/strategie-developpement-activites-france\\\/\",\"name\":\"Quelle m\u00e9thode adopter pour d\u00e9velopper son business en France ?\",\"isPartOf\":{\"@id\":\"https:\\\/\\\/payroll.freelance.com\\\/fr\\\/#website\"},\"primaryImageOfPage\":{\"@id\":\"https:\\\/\\\/payroll.freelance.com\\\/fr\\\/guide-developpement-france\\\/strategie-developpement-activites-france\\\/#primaryimage\"},\"image\":{\"@id\":\"https:\\\/\\\/payroll.freelance.com\\\/fr\\\/guide-developpement-france\\\/strategie-developpement-activites-france\\\/#primaryimage\"},\"thumbnailUrl\":\"https:\\\/\\\/payroll.freelance.com\\\/wp-content\\\/uploads\\\/2023\\\/01\\\/strategie-developpement-activites.jpg\",\"datePublished\":\"2023-01-25T17:00:45+00:00\",\"dateModified\":\"2023-02-13T14:26:21+00:00\",\"description\":\"D\u00e9couvrez les meilleures m\u00e9thodes et \u00e9tapes \u00e0 suivre pour d\u00e9velopper votre business en France sans ouvrir de filiales - Payroll by Freelance.com\",\"breadcrumb\":{\"@id\":\"https:\\\/\\\/payroll.freelance.com\\\/fr\\\/guide-developpement-france\\\/strategie-developpement-activites-france\\\/#breadcrumb\"},\"inLanguage\":\"fr-FR\",\"potentialAction\":[{\"@type\":\"ReadAction\",\"target\":[\"https:\\\/\\\/payroll.freelance.com\\\/fr\\\/guide-developpement-france\\\/strategie-developpement-activites-france\\\/\"]}]},{\"@type\":\"ImageObject\",\"inLanguage\":\"fr-FR\",\"@id\":\"https:\\\/\\\/payroll.freelance.com\\\/fr\\\/guide-developpement-france\\\/strategie-developpement-activites-france\\\/#primaryimage\",\"url\":\"https:\\\/\\\/payroll.freelance.com\\\/wp-content\\\/uploads\\\/2023\\\/01\\\/strategie-developpement-activites.jpg\",\"contentUrl\":\"https:\\\/\\\/payroll.freelance.com\\\/wp-content\\\/uploads\\\/2023\\\/01\\\/strategie-developpement-activites.jpg\",\"width\":1200,\"height\":800,\"caption\":\"3 chefs d'entreprise s'interroge devant un tableau sur la strat\u00e9gie \u00e0 adopter pour d\u00e9velopper leurs activit\u00e9s\"},{\"@type\":\"BreadcrumbList\",\"@id\":\"https:\\\/\\\/payroll.freelance.com\\\/fr\\\/guide-developpement-france\\\/strategie-developpement-activites-france\\\/#breadcrumb\",\"itemListElement\":[{\"@type\":\"ListItem\",\"position\":1,\"name\":\"Accueil\",\"item\":\"https:\\\/\\\/payroll.freelance.com\\\/fr\\\/\"},{\"@type\":\"ListItem\",\"position\":2,\"name\":\"Guide de la croissance en France\",\"item\":\"https:\\\/\\\/payroll.freelance.com\\\/fr\\\/guide-developpement-france\\\/\"},{\"@type\":\"ListItem\",\"position\":3,\"name\":\"Quelle strat\u00e9gie adopter pour d\u00e9velopper ses activit\u00e9s en France ?\"}]},{\"@type\":\"WebSite\",\"@id\":\"https:\\\/\\\/payroll.freelance.com\\\/fr\\\/#website\",\"url\":\"https:\\\/\\\/payroll.freelance.com\\\/fr\\\/\",\"name\":\"Payroll\",\"description\":\"\",\"potentialAction\":[{\"@type\":\"SearchAction\",\"target\":{\"@type\":\"EntryPoint\",\"urlTemplate\":\"https:\\\/\\\/payroll.freelance.com\\\/fr\\\/?s={search_term_string}\"},\"query-input\":{\"@type\":\"PropertyValueSpecification\",\"valueRequired\":true,\"valueName\":\"search_term_string\"}}],\"inLanguage\":\"fr-FR\"}]}<\/script>\n<!-- \/ Yoast SEO plugin. -->","yoast_head_json":{"title":"Quelle m\u00e9thode adopter pour d\u00e9velopper son business en France ?","description":"D\u00e9couvrez les meilleures m\u00e9thodes et \u00e9tapes \u00e0 suivre pour d\u00e9velopper votre business en France sans ouvrir de filiales - Payroll by Freelance.com","robots":{"index":"index","follow":"follow","max-snippet":"max-snippet:-1","max-image-preview":"max-image-preview:large","max-video-preview":"max-video-preview:-1"},"canonical":"https:\/\/payroll.freelance.com\/fr\/guide-developpement-france\/strategie-developpement-activites-france\/","og_locale":"fr_FR","og_type":"article","og_title":"Quelle m\u00e9thode adopter pour d\u00e9velopper son business en France ?","og_description":"D\u00e9couvrez les meilleures m\u00e9thodes et \u00e9tapes \u00e0 suivre pour d\u00e9velopper votre business en France sans ouvrir de filiales - Payroll by Freelance.com","og_url":"https:\/\/payroll.freelance.com\/fr\/guide-developpement-france\/strategie-developpement-activites-france\/","og_site_name":"Payroll","article_modified_time":"2023-02-13T14:26:21+00:00","og_image":[{"width":1200,"height":800,"url":"https:\/\/payroll.freelance.com\/wp-content\/uploads\/2023\/01\/strategie-developpement-activites.jpg","type":"image\/jpeg"}],"twitter_card":"summary_large_image","twitter_misc":{"Dur\u00e9e de lecture estim\u00e9e":"1 minute"},"schema":{"@context":"https:\/\/schema.org","@graph":[{"@type":"WebPage","@id":"https:\/\/payroll.freelance.com\/fr\/guide-developpement-france\/strategie-developpement-activites-france\/","url":"https:\/\/payroll.freelance.com\/fr\/guide-developpement-france\/strategie-developpement-activites-france\/","name":"Quelle m\u00e9thode adopter pour d\u00e9velopper son business en France ?","isPartOf":{"@id":"https:\/\/payroll.freelance.com\/fr\/#website"},"primaryImageOfPage":{"@id":"https:\/\/payroll.freelance.com\/fr\/guide-developpement-france\/strategie-developpement-activites-france\/#primaryimage"},"image":{"@id":"https:\/\/payroll.freelance.com\/fr\/guide-developpement-france\/strategie-developpement-activites-france\/#primaryimage"},"thumbnailUrl":"https:\/\/payroll.freelance.com\/wp-content\/uploads\/2023\/01\/strategie-developpement-activites.jpg","datePublished":"2023-01-25T17:00:45+00:00","dateModified":"2023-02-13T14:26:21+00:00","description":"D\u00e9couvrez les meilleures m\u00e9thodes et \u00e9tapes \u00e0 suivre pour d\u00e9velopper votre business en France sans ouvrir de filiales - Payroll by Freelance.com","breadcrumb":{"@id":"https:\/\/payroll.freelance.com\/fr\/guide-developpement-france\/strategie-developpement-activites-france\/#breadcrumb"},"inLanguage":"fr-FR","potentialAction":[{"@type":"ReadAction","target":["https:\/\/payroll.freelance.com\/fr\/guide-developpement-france\/strategie-developpement-activites-france\/"]}]},{"@type":"ImageObject","inLanguage":"fr-FR","@id":"https:\/\/payroll.freelance.com\/fr\/guide-developpement-france\/strategie-developpement-activites-france\/#primaryimage","url":"https:\/\/payroll.freelance.com\/wp-content\/uploads\/2023\/01\/strategie-developpement-activites.jpg","contentUrl":"https:\/\/payroll.freelance.com\/wp-content\/uploads\/2023\/01\/strategie-developpement-activites.jpg","width":1200,"height":800,"caption":"3 chefs d'entreprise s'interroge devant un tableau sur la strat\u00e9gie \u00e0 adopter pour d\u00e9velopper leurs activit\u00e9s"},{"@type":"BreadcrumbList","@id":"https:\/\/payroll.freelance.com\/fr\/guide-developpement-france\/strategie-developpement-activites-france\/#breadcrumb","itemListElement":[{"@type":"ListItem","position":1,"name":"Accueil","item":"https:\/\/payroll.freelance.com\/fr\/"},{"@type":"ListItem","position":2,"name":"Guide de la croissance en France","item":"https:\/\/payroll.freelance.com\/fr\/guide-developpement-france\/"},{"@type":"ListItem","position":3,"name":"Quelle strat\u00e9gie adopter pour d\u00e9velopper ses activit\u00e9s en France ?"}]},{"@type":"WebSite","@id":"https:\/\/payroll.freelance.com\/fr\/#website","url":"https:\/\/payroll.freelance.com\/fr\/","name":"Payroll","description":"","potentialAction":[{"@type":"SearchAction","target":{"@type":"EntryPoint","urlTemplate":"https:\/\/payroll.freelance.com\/fr\/?s={search_term_string}"},"query-input":{"@type":"PropertyValueSpecification","valueRequired":true,"valueName":"search_term_string"}}],"inLanguage":"fr-FR"}]}},"_links":{"self":[{"href":"https:\/\/payroll.freelance.com\/fr\/wp-json\/wp\/v2\/pages\/2803","targetHints":{"allow":["GET"]}}],"collection":[{"href":"https:\/\/payroll.freelance.com\/fr\/wp-json\/wp\/v2\/pages"}],"about":[{"href":"https:\/\/payroll.freelance.com\/fr\/wp-json\/wp\/v2\/types\/page"}],"author":[{"embeddable":true,"href":"https:\/\/payroll.freelance.com\/fr\/wp-json\/wp\/v2\/users\/2"}],"replies":[{"embeddable":true,"href":"https:\/\/payroll.freelance.com\/fr\/wp-json\/wp\/v2\/comments?post=2803"}],"version-history":[{"count":0,"href":"https:\/\/payroll.freelance.com\/fr\/wp-json\/wp\/v2\/pages\/2803\/revisions"}],"up":[{"embeddable":true,"href":"https:\/\/payroll.freelance.com\/fr\/wp-json\/wp\/v2\/pages\/2331"}],"wp:featuredmedia":[{"embeddable":true,"href":"https:\/\/payroll.freelance.com\/fr\/wp-json\/wp\/v2\/media\/2804"}],"wp:attachment":[{"href":"https:\/\/payroll.freelance.com\/fr\/wp-json\/wp\/v2\/media?parent=2803"}],"curies":[{"name":"wp","href":"https:\/\/api.w.org\/{rel}","templated":true}]}}