{"id":2800,"date":"2023-01-25T17:00:32","date_gmt":"2023-01-25T16:00:32","guid":{"rendered":"https:\/\/payroll.freelance.com\/?page_id=2800"},"modified":"2023-02-13T15:24:18","modified_gmt":"2023-02-13T14:24:18","slug":"externalisation-ressources-humaines","status":"publish","type":"page","link":"https:\/\/payroll.freelance.com\/fr\/guide-developpement-france\/externalisation-ressources-humaines\/","title":{"rendered":"Qu&rsquo;est-ce que l&rsquo;externalisation des Ressources Humaines ?"},"content":{"rendered":"\n<p>L&rsquo;externalisation vise souvent \u00e0 d\u00e9l\u00e9guer certaines activit\u00e9s chronophages n\u00e9cessaires \u00e0 la bonne gestion de l&rsquo;entreprise telles que la paie ou le recrutement par exemple. En transf\u00e9rant une ou plusieurs fonctions de l&rsquo;entreprise vers <a href=\"https:\/\/payroll.freelance.com\/fr\/sous-traitance-activites-france\/\"><strong>un partenaire externe<\/strong><\/a>, <strong>l\u2019externalisation permet ainsi de diriger le personnel vers des activit\u00e9s \u00e0 plus forte valeur ajout\u00e9e<\/strong>.<\/p>\n\n\n\n<p>L\u2019externalisation des ressources humaines (RH) est une pratique qui se d\u00e9veloppe beaucoup dans les entreprises car elle est aussi un moyen pour l\u2019entreprise de se pr\u00e9munir contre les erreurs administratives et juridiques. Les missions sont en effet r\u00e9alis\u00e9es par des prestataires externes sp\u00e9cialistes dans leur domaine.<\/p>\n\n\n\n<p>Le service RH d\u2019une entreprise regroupe diverses missions c\u2019est pourquoi l\u2019externalisation de ce service fait gagner un temps pr\u00e9cieux aux entreprises.<\/p>\n\n\n\n<p>Qu\u2019est-ce que l\u2019externalisation des ressources humaines (RH) et comment la mettre en place ? R\u00e9ponses dans cet article.<\/p>\n\n\n\n<p><\/p>\n","protected":false},"excerpt":{"rendered":"<p>L&rsquo;externalisation vise souvent \u00e0 d\u00e9l\u00e9guer certaines activit\u00e9s chronophages n\u00e9cessaires \u00e0 la bonne gestion de l&rsquo;entreprise telles que la paie ou le recrutement par exemple. En transf\u00e9rant une ou plusieurs fonctions de l&rsquo;entreprise vers un partenaire externe, l\u2019externalisation permet ainsi de diriger le personnel vers des activit\u00e9s \u00e0 plus forte valeur ajout\u00e9e. L\u2019externalisation des ressources humaines [&hellip;]<\/p>\n","protected":false},"author":2,"featured_media":2801,"parent":2331,"menu_order":0,"comment_status":"closed","ping_status":"closed","template":"","meta":{"inline_featured_image":false,"footnotes":""},"class_list":["post-2800","page","type-page","status-publish","has-post-thumbnail","hentry"],"acf":[],"yoast_head":"<!-- This site is optimized with the Yoast SEO plugin v27.3 - https:\/\/yoast.com\/product\/yoast-seo-wordpress\/ -->\n<title>Externalisation RH et mise en place - Payroll by Freelance.com<\/title>\n<meta name=\"description\" content=\"Qu&#039;est-ce que l&#039;externalisation des ressources humaines ? Comment la mettre en place ?D\u00e9finition, raisons et \u00e9tapes - Payroll by Freelance.com\" \/>\n<meta name=\"robots\" content=\"index, follow, max-snippet:-1, max-image-preview:large, max-video-preview:-1\" \/>\n<link rel=\"canonical\" href=\"https:\/\/payroll.freelance.com\/fr\/guide-developpement-france\/externalisation-ressources-humaines\/\" \/>\n<meta property=\"og:locale\" content=\"fr_FR\" \/>\n<meta property=\"og:type\" content=\"article\" \/>\n<meta property=\"og:title\" content=\"Externalisation RH et mise en place - Payroll by Freelance.com\" \/>\n<meta property=\"og:description\" content=\"Qu&#039;est-ce que l&#039;externalisation des ressources humaines ? Comment la mettre en place ?D\u00e9finition, raisons et \u00e9tapes - Payroll by Freelance.com\" \/>\n<meta property=\"og:url\" content=\"https:\/\/payroll.freelance.com\/fr\/guide-developpement-france\/externalisation-ressources-humaines\/\" \/>\n<meta property=\"og:site_name\" content=\"Payroll\" \/>\n<meta property=\"article:modified_time\" content=\"2023-02-13T14:24:18+00:00\" \/>\n<meta property=\"og:image\" content=\"https:\/\/payroll.freelance.com\/wp-content\/uploads\/2023\/01\/externalisation-ressources-humaines.jpg\" \/>\n\t<meta property=\"og:image:width\" content=\"1200\" \/>\n\t<meta property=\"og:image:height\" content=\"801\" \/>\n\t<meta property=\"og:image:type\" content=\"image\/jpeg\" \/>\n<meta name=\"twitter:card\" content=\"summary_large_image\" \/>\n<meta name=\"twitter:label1\" content=\"Dur\u00e9e de lecture estim\u00e9e\" \/>\n\t<meta name=\"twitter:data1\" content=\"1 minute\" \/>\n<script type=\"application\/ld+json\" class=\"yoast-schema-graph\">{\"@context\":\"https:\\\/\\\/schema.org\",\"@graph\":[{\"@type\":\"WebPage\",\"@id\":\"https:\\\/\\\/payroll.freelance.com\\\/fr\\\/guide-developpement-france\\\/externalisation-ressources-humaines\\\/\",\"url\":\"https:\\\/\\\/payroll.freelance.com\\\/fr\\\/guide-developpement-france\\\/externalisation-ressources-humaines\\\/\",\"name\":\"Externalisation RH et mise en place - Payroll by Freelance.com\",\"isPartOf\":{\"@id\":\"https:\\\/\\\/payroll.freelance.com\\\/fr\\\/#website\"},\"primaryImageOfPage\":{\"@id\":\"https:\\\/\\\/payroll.freelance.com\\\/fr\\\/guide-developpement-france\\\/externalisation-ressources-humaines\\\/#primaryimage\"},\"image\":{\"@id\":\"https:\\\/\\\/payroll.freelance.com\\\/fr\\\/guide-developpement-france\\\/externalisation-ressources-humaines\\\/#primaryimage\"},\"thumbnailUrl\":\"https:\\\/\\\/payroll.freelance.com\\\/wp-content\\\/uploads\\\/2023\\\/01\\\/externalisation-ressources-humaines.jpg\",\"datePublished\":\"2023-01-25T16:00:32+00:00\",\"dateModified\":\"2023-02-13T14:24:18+00:00\",\"description\":\"Qu'est-ce que l'externalisation des ressources humaines ? Comment la mettre en place ?D\u00e9finition, raisons et \u00e9tapes - Payroll by Freelance.com\",\"breadcrumb\":{\"@id\":\"https:\\\/\\\/payroll.freelance.com\\\/fr\\\/guide-developpement-france\\\/externalisation-ressources-humaines\\\/#breadcrumb\"},\"inLanguage\":\"fr-FR\",\"potentialAction\":[{\"@type\":\"ReadAction\",\"target\":[\"https:\\\/\\\/payroll.freelance.com\\\/fr\\\/guide-developpement-france\\\/externalisation-ressources-humaines\\\/\"]}]},{\"@type\":\"ImageObject\",\"inLanguage\":\"fr-FR\",\"@id\":\"https:\\\/\\\/payroll.freelance.com\\\/fr\\\/guide-developpement-france\\\/externalisation-ressources-humaines\\\/#primaryimage\",\"url\":\"https:\\\/\\\/payroll.freelance.com\\\/wp-content\\\/uploads\\\/2023\\\/01\\\/externalisation-ressources-humaines.jpg\",\"contentUrl\":\"https:\\\/\\\/payroll.freelance.com\\\/wp-content\\\/uploads\\\/2023\\\/01\\\/externalisation-ressources-humaines.jpg\",\"width\":1200,\"height\":801,\"caption\":\"Un chef d'entreprise externalise ses ressources humaines\"},{\"@type\":\"BreadcrumbList\",\"@id\":\"https:\\\/\\\/payroll.freelance.com\\\/fr\\\/guide-developpement-france\\\/externalisation-ressources-humaines\\\/#breadcrumb\",\"itemListElement\":[{\"@type\":\"ListItem\",\"position\":1,\"name\":\"Accueil\",\"item\":\"https:\\\/\\\/payroll.freelance.com\\\/fr\\\/\"},{\"@type\":\"ListItem\",\"position\":2,\"name\":\"Guide de la croissance en France\",\"item\":\"https:\\\/\\\/payroll.freelance.com\\\/fr\\\/guide-developpement-france\\\/\"},{\"@type\":\"ListItem\",\"position\":3,\"name\":\"Qu&rsquo;est-ce que l&rsquo;externalisation des Ressources Humaines ?\"}]},{\"@type\":\"WebSite\",\"@id\":\"https:\\\/\\\/payroll.freelance.com\\\/fr\\\/#website\",\"url\":\"https:\\\/\\\/payroll.freelance.com\\\/fr\\\/\",\"name\":\"Payroll\",\"description\":\"\",\"potentialAction\":[{\"@type\":\"SearchAction\",\"target\":{\"@type\":\"EntryPoint\",\"urlTemplate\":\"https:\\\/\\\/payroll.freelance.com\\\/fr\\\/?s={search_term_string}\"},\"query-input\":{\"@type\":\"PropertyValueSpecification\",\"valueRequired\":true,\"valueName\":\"search_term_string\"}}],\"inLanguage\":\"fr-FR\"}]}<\/script>\n<!-- \/ Yoast SEO plugin. -->","yoast_head_json":{"title":"Externalisation RH et mise en place - Payroll by Freelance.com","description":"Qu'est-ce que l'externalisation des ressources humaines ? Comment la mettre en place ?D\u00e9finition, raisons et \u00e9tapes - Payroll by Freelance.com","robots":{"index":"index","follow":"follow","max-snippet":"max-snippet:-1","max-image-preview":"max-image-preview:large","max-video-preview":"max-video-preview:-1"},"canonical":"https:\/\/payroll.freelance.com\/fr\/guide-developpement-france\/externalisation-ressources-humaines\/","og_locale":"fr_FR","og_type":"article","og_title":"Externalisation RH et mise en place - Payroll by Freelance.com","og_description":"Qu'est-ce que l'externalisation des ressources humaines ? Comment la mettre en place ?D\u00e9finition, raisons et \u00e9tapes - Payroll by Freelance.com","og_url":"https:\/\/payroll.freelance.com\/fr\/guide-developpement-france\/externalisation-ressources-humaines\/","og_site_name":"Payroll","article_modified_time":"2023-02-13T14:24:18+00:00","og_image":[{"width":1200,"height":801,"url":"https:\/\/payroll.freelance.com\/wp-content\/uploads\/2023\/01\/externalisation-ressources-humaines.jpg","type":"image\/jpeg"}],"twitter_card":"summary_large_image","twitter_misc":{"Dur\u00e9e de lecture estim\u00e9e":"1 minute"},"schema":{"@context":"https:\/\/schema.org","@graph":[{"@type":"WebPage","@id":"https:\/\/payroll.freelance.com\/fr\/guide-developpement-france\/externalisation-ressources-humaines\/","url":"https:\/\/payroll.freelance.com\/fr\/guide-developpement-france\/externalisation-ressources-humaines\/","name":"Externalisation RH et mise en place - Payroll by Freelance.com","isPartOf":{"@id":"https:\/\/payroll.freelance.com\/fr\/#website"},"primaryImageOfPage":{"@id":"https:\/\/payroll.freelance.com\/fr\/guide-developpement-france\/externalisation-ressources-humaines\/#primaryimage"},"image":{"@id":"https:\/\/payroll.freelance.com\/fr\/guide-developpement-france\/externalisation-ressources-humaines\/#primaryimage"},"thumbnailUrl":"https:\/\/payroll.freelance.com\/wp-content\/uploads\/2023\/01\/externalisation-ressources-humaines.jpg","datePublished":"2023-01-25T16:00:32+00:00","dateModified":"2023-02-13T14:24:18+00:00","description":"Qu'est-ce que l'externalisation des ressources humaines ? Comment la mettre en place ?D\u00e9finition, raisons et \u00e9tapes - Payroll by Freelance.com","breadcrumb":{"@id":"https:\/\/payroll.freelance.com\/fr\/guide-developpement-france\/externalisation-ressources-humaines\/#breadcrumb"},"inLanguage":"fr-FR","potentialAction":[{"@type":"ReadAction","target":["https:\/\/payroll.freelance.com\/fr\/guide-developpement-france\/externalisation-ressources-humaines\/"]}]},{"@type":"ImageObject","inLanguage":"fr-FR","@id":"https:\/\/payroll.freelance.com\/fr\/guide-developpement-france\/externalisation-ressources-humaines\/#primaryimage","url":"https:\/\/payroll.freelance.com\/wp-content\/uploads\/2023\/01\/externalisation-ressources-humaines.jpg","contentUrl":"https:\/\/payroll.freelance.com\/wp-content\/uploads\/2023\/01\/externalisation-ressources-humaines.jpg","width":1200,"height":801,"caption":"Un chef d'entreprise externalise ses ressources humaines"},{"@type":"BreadcrumbList","@id":"https:\/\/payroll.freelance.com\/fr\/guide-developpement-france\/externalisation-ressources-humaines\/#breadcrumb","itemListElement":[{"@type":"ListItem","position":1,"name":"Accueil","item":"https:\/\/payroll.freelance.com\/fr\/"},{"@type":"ListItem","position":2,"name":"Guide de la croissance en France","item":"https:\/\/payroll.freelance.com\/fr\/guide-developpement-france\/"},{"@type":"ListItem","position":3,"name":"Qu&rsquo;est-ce que l&rsquo;externalisation des Ressources Humaines ?"}]},{"@type":"WebSite","@id":"https:\/\/payroll.freelance.com\/fr\/#website","url":"https:\/\/payroll.freelance.com\/fr\/","name":"Payroll","description":"","potentialAction":[{"@type":"SearchAction","target":{"@type":"EntryPoint","urlTemplate":"https:\/\/payroll.freelance.com\/fr\/?s={search_term_string}"},"query-input":{"@type":"PropertyValueSpecification","valueRequired":true,"valueName":"search_term_string"}}],"inLanguage":"fr-FR"}]}},"_links":{"self":[{"href":"https:\/\/payroll.freelance.com\/fr\/wp-json\/wp\/v2\/pages\/2800","targetHints":{"allow":["GET"]}}],"collection":[{"href":"https:\/\/payroll.freelance.com\/fr\/wp-json\/wp\/v2\/pages"}],"about":[{"href":"https:\/\/payroll.freelance.com\/fr\/wp-json\/wp\/v2\/types\/page"}],"author":[{"embeddable":true,"href":"https:\/\/payroll.freelance.com\/fr\/wp-json\/wp\/v2\/users\/2"}],"replies":[{"embeddable":true,"href":"https:\/\/payroll.freelance.com\/fr\/wp-json\/wp\/v2\/comments?post=2800"}],"version-history":[{"count":0,"href":"https:\/\/payroll.freelance.com\/fr\/wp-json\/wp\/v2\/pages\/2800\/revisions"}],"up":[{"embeddable":true,"href":"https:\/\/payroll.freelance.com\/fr\/wp-json\/wp\/v2\/pages\/2331"}],"wp:featuredmedia":[{"embeddable":true,"href":"https:\/\/payroll.freelance.com\/fr\/wp-json\/wp\/v2\/media\/2801"}],"wp:attachment":[{"href":"https:\/\/payroll.freelance.com\/fr\/wp-json\/wp\/v2\/media?parent=2800"}],"curies":[{"name":"wp","href":"https:\/\/api.w.org\/{rel}","templated":true}]}}