{"id":2794,"date":"2023-01-25T16:00:40","date_gmt":"2023-01-25T15:00:40","guid":{"rendered":"https:\/\/payroll.freelance.com\/?page_id=2794"},"modified":"2023-02-13T15:14:47","modified_gmt":"2023-02-13T14:14:47","slug":"comment-pourquoi-recruter-employe-francais","status":"publish","type":"page","link":"https:\/\/payroll.freelance.com\/fr\/guide-developpement-france\/comment-pourquoi-recruter-employe-francais\/","title":{"rendered":"Comment et pourquoi recruter un employ\u00e9 fran\u00e7ais ?"},"content":{"rendered":"\n<p>Qu\u2019il s\u2019agisse de la mondialisation ou plus r\u00e9cemment du contexte post-pand\u00e9mique, diff\u00e9rents facteurs participent \u00e0 l\u2019expansion du march\u00e9 du travail fran\u00e7ais \u00e0 l\u2019\u00e9chelle internationale.<\/p>\n\n\n\n<p>En effet, <strong>les entreprises \u00e9trang\u00e8res se tournent de plus en plus vers des candidats fran\u00e7ais<\/strong> en raison notamment de <strong>leur niveau de qualification<\/strong> et de <strong>leurs exp\u00e9riences professionnelles<\/strong>.<\/p>\n\n\n\n<p>Les entreprises canadiennes sont un exemple parlant de ce ph\u00e9nom\u00e8ne. Faisant r\u00e9guli\u00e8rement face \u00e0 une p\u00e9nurie de main-d&rsquo;\u0153uvre, ces derni\u00e8res recrutent fr\u00e9quemment des salari\u00e9s fran\u00e7ais.&nbsp;<\/p>\n\n\n\n<p>Pourquoi recruter \u00e0 l\u2019international et quels sont les avantages de recruter des employ\u00e9s fran\u00e7ais ? R\u00e9ponses dans cet article.<\/p>\n\n\n\n<p><\/p>\n","protected":false},"excerpt":{"rendered":"<p>Qu\u2019il s\u2019agisse de la mondialisation ou plus r\u00e9cemment du contexte post-pand\u00e9mique, diff\u00e9rents facteurs participent \u00e0 l\u2019expansion du march\u00e9 du travail fran\u00e7ais \u00e0 l\u2019\u00e9chelle internationale. En effet, les entreprises \u00e9trang\u00e8res se tournent de plus en plus vers des candidats fran\u00e7ais en raison notamment de leur niveau de qualification et de leurs exp\u00e9riences professionnelles. Les entreprises canadiennes [&hellip;]<\/p>\n","protected":false},"author":2,"featured_media":2795,"parent":2331,"menu_order":0,"comment_status":"closed","ping_status":"closed","template":"","meta":{"inline_featured_image":false,"footnotes":""},"class_list":["post-2794","page","type-page","status-publish","has-post-thumbnail","hentry"],"acf":[],"yoast_head":"<!-- This site is optimized with the Yoast SEO plugin v27.4 - https:\/\/yoast.com\/product\/yoast-seo-wordpress\/ -->\n<title>Comment et pourquoi recruter un employ\u00e9 fran\u00e7ais - Payroll<\/title>\n<meta name=\"description\" content=\"Apprenez tout ce qu&#039;il faut savoir sur l&#039;embauche d&#039;un salari\u00e9 fran\u00e7ais, de son recrutement \u00e0 ses nombreux avantages - Payroll by Freelance.com\" \/>\n<meta name=\"robots\" content=\"index, follow, max-snippet:-1, max-image-preview:large, max-video-preview:-1\" \/>\n<link rel=\"canonical\" href=\"https:\/\/payroll.freelance.com\/fr\/guide-developpement-france\/comment-pourquoi-recruter-employe-francais\/\" \/>\n<meta property=\"og:locale\" content=\"fr_FR\" \/>\n<meta property=\"og:type\" content=\"article\" \/>\n<meta property=\"og:title\" content=\"Comment et pourquoi recruter un employ\u00e9 fran\u00e7ais - Payroll\" \/>\n<meta property=\"og:description\" content=\"Apprenez tout ce qu&#039;il faut savoir sur l&#039;embauche d&#039;un salari\u00e9 fran\u00e7ais, de son recrutement \u00e0 ses nombreux avantages - Payroll by Freelance.com\" \/>\n<meta property=\"og:url\" content=\"https:\/\/payroll.freelance.com\/fr\/guide-developpement-france\/comment-pourquoi-recruter-employe-francais\/\" \/>\n<meta property=\"og:site_name\" content=\"Payroll\" \/>\n<meta property=\"article:modified_time\" content=\"2023-02-13T14:14:47+00:00\" \/>\n<meta property=\"og:image\" content=\"https:\/\/payroll.freelance.com\/wp-content\/uploads\/2023\/01\/comment-pourquoi-recruter-employe-francais.jpg\" \/>\n\t<meta property=\"og:image:width\" content=\"1200\" \/>\n\t<meta property=\"og:image:height\" content=\"800\" \/>\n\t<meta property=\"og:image:type\" content=\"image\/jpeg\" \/>\n<meta name=\"twitter:card\" content=\"summary_large_image\" \/>\n<meta name=\"twitter:label1\" content=\"Dur\u00e9e de lecture estim\u00e9e\" \/>\n\t<meta name=\"twitter:data1\" content=\"1 minute\" \/>\n<script type=\"application\/ld+json\" class=\"yoast-schema-graph\">{\"@context\":\"https:\\\/\\\/schema.org\",\"@graph\":[{\"@type\":\"WebPage\",\"@id\":\"https:\\\/\\\/payroll.freelance.com\\\/fr\\\/guide-developpement-france\\\/comment-pourquoi-recruter-employe-francais\\\/\",\"url\":\"https:\\\/\\\/payroll.freelance.com\\\/fr\\\/guide-developpement-france\\\/comment-pourquoi-recruter-employe-francais\\\/\",\"name\":\"Comment et pourquoi recruter un employ\u00e9 fran\u00e7ais - Payroll\",\"isPartOf\":{\"@id\":\"https:\\\/\\\/payroll.freelance.com\\\/fr\\\/#website\"},\"primaryImageOfPage\":{\"@id\":\"https:\\\/\\\/payroll.freelance.com\\\/fr\\\/guide-developpement-france\\\/comment-pourquoi-recruter-employe-francais\\\/#primaryimage\"},\"image\":{\"@id\":\"https:\\\/\\\/payroll.freelance.com\\\/fr\\\/guide-developpement-france\\\/comment-pourquoi-recruter-employe-francais\\\/#primaryimage\"},\"thumbnailUrl\":\"https:\\\/\\\/payroll.freelance.com\\\/wp-content\\\/uploads\\\/2023\\\/01\\\/comment-pourquoi-recruter-employe-francais.jpg\",\"datePublished\":\"2023-01-25T15:00:40+00:00\",\"dateModified\":\"2023-02-13T14:14:47+00:00\",\"description\":\"Apprenez tout ce qu'il faut savoir sur l'embauche d'un salari\u00e9 fran\u00e7ais, de son recrutement \u00e0 ses nombreux avantages - Payroll by Freelance.com\",\"breadcrumb\":{\"@id\":\"https:\\\/\\\/payroll.freelance.com\\\/fr\\\/guide-developpement-france\\\/comment-pourquoi-recruter-employe-francais\\\/#breadcrumb\"},\"inLanguage\":\"fr-FR\",\"potentialAction\":[{\"@type\":\"ReadAction\",\"target\":[\"https:\\\/\\\/payroll.freelance.com\\\/fr\\\/guide-developpement-france\\\/comment-pourquoi-recruter-employe-francais\\\/\"]}]},{\"@type\":\"ImageObject\",\"inLanguage\":\"fr-FR\",\"@id\":\"https:\\\/\\\/payroll.freelance.com\\\/fr\\\/guide-developpement-france\\\/comment-pourquoi-recruter-employe-francais\\\/#primaryimage\",\"url\":\"https:\\\/\\\/payroll.freelance.com\\\/wp-content\\\/uploads\\\/2023\\\/01\\\/comment-pourquoi-recruter-employe-francais.jpg\",\"contentUrl\":\"https:\\\/\\\/payroll.freelance.com\\\/wp-content\\\/uploads\\\/2023\\\/01\\\/comment-pourquoi-recruter-employe-francais.jpg\",\"width\":1200,\"height\":800,\"caption\":\"Employ\u00e9 fran\u00e7ais demandant \u00e0 se faire recruter\"},{\"@type\":\"BreadcrumbList\",\"@id\":\"https:\\\/\\\/payroll.freelance.com\\\/fr\\\/guide-developpement-france\\\/comment-pourquoi-recruter-employe-francais\\\/#breadcrumb\",\"itemListElement\":[{\"@type\":\"ListItem\",\"position\":1,\"name\":\"Accueil\",\"item\":\"https:\\\/\\\/payroll.freelance.com\\\/fr\\\/\"},{\"@type\":\"ListItem\",\"position\":2,\"name\":\"Guide de la croissance en France\",\"item\":\"https:\\\/\\\/payroll.freelance.com\\\/fr\\\/guide-developpement-france\\\/\"},{\"@type\":\"ListItem\",\"position\":3,\"name\":\"Comment et pourquoi recruter un employ\u00e9 fran\u00e7ais ?\"}]},{\"@type\":\"WebSite\",\"@id\":\"https:\\\/\\\/payroll.freelance.com\\\/fr\\\/#website\",\"url\":\"https:\\\/\\\/payroll.freelance.com\\\/fr\\\/\",\"name\":\"Payroll\",\"description\":\"\",\"potentialAction\":[{\"@type\":\"SearchAction\",\"target\":{\"@type\":\"EntryPoint\",\"urlTemplate\":\"https:\\\/\\\/payroll.freelance.com\\\/fr\\\/?s={search_term_string}\"},\"query-input\":{\"@type\":\"PropertyValueSpecification\",\"valueRequired\":true,\"valueName\":\"search_term_string\"}}],\"inLanguage\":\"fr-FR\"}]}<\/script>\n<!-- \/ Yoast SEO plugin. -->","yoast_head_json":{"title":"Comment et pourquoi recruter un employ\u00e9 fran\u00e7ais - Payroll","description":"Apprenez tout ce qu'il faut savoir sur l'embauche d'un salari\u00e9 fran\u00e7ais, de son recrutement \u00e0 ses nombreux avantages - Payroll by Freelance.com","robots":{"index":"index","follow":"follow","max-snippet":"max-snippet:-1","max-image-preview":"max-image-preview:large","max-video-preview":"max-video-preview:-1"},"canonical":"https:\/\/payroll.freelance.com\/fr\/guide-developpement-france\/comment-pourquoi-recruter-employe-francais\/","og_locale":"fr_FR","og_type":"article","og_title":"Comment et pourquoi recruter un employ\u00e9 fran\u00e7ais - Payroll","og_description":"Apprenez tout ce qu'il faut savoir sur l'embauche d'un salari\u00e9 fran\u00e7ais, de son recrutement \u00e0 ses nombreux avantages - Payroll by Freelance.com","og_url":"https:\/\/payroll.freelance.com\/fr\/guide-developpement-france\/comment-pourquoi-recruter-employe-francais\/","og_site_name":"Payroll","article_modified_time":"2023-02-13T14:14:47+00:00","og_image":[{"width":1200,"height":800,"url":"https:\/\/payroll.freelance.com\/wp-content\/uploads\/2023\/01\/comment-pourquoi-recruter-employe-francais.jpg","type":"image\/jpeg"}],"twitter_card":"summary_large_image","twitter_misc":{"Dur\u00e9e de lecture estim\u00e9e":"1 minute"},"schema":{"@context":"https:\/\/schema.org","@graph":[{"@type":"WebPage","@id":"https:\/\/payroll.freelance.com\/fr\/guide-developpement-france\/comment-pourquoi-recruter-employe-francais\/","url":"https:\/\/payroll.freelance.com\/fr\/guide-developpement-france\/comment-pourquoi-recruter-employe-francais\/","name":"Comment et pourquoi recruter un employ\u00e9 fran\u00e7ais - Payroll","isPartOf":{"@id":"https:\/\/payroll.freelance.com\/fr\/#website"},"primaryImageOfPage":{"@id":"https:\/\/payroll.freelance.com\/fr\/guide-developpement-france\/comment-pourquoi-recruter-employe-francais\/#primaryimage"},"image":{"@id":"https:\/\/payroll.freelance.com\/fr\/guide-developpement-france\/comment-pourquoi-recruter-employe-francais\/#primaryimage"},"thumbnailUrl":"https:\/\/payroll.freelance.com\/wp-content\/uploads\/2023\/01\/comment-pourquoi-recruter-employe-francais.jpg","datePublished":"2023-01-25T15:00:40+00:00","dateModified":"2023-02-13T14:14:47+00:00","description":"Apprenez tout ce qu'il faut savoir sur l'embauche d'un salari\u00e9 fran\u00e7ais, de son recrutement \u00e0 ses nombreux avantages - Payroll by Freelance.com","breadcrumb":{"@id":"https:\/\/payroll.freelance.com\/fr\/guide-developpement-france\/comment-pourquoi-recruter-employe-francais\/#breadcrumb"},"inLanguage":"fr-FR","potentialAction":[{"@type":"ReadAction","target":["https:\/\/payroll.freelance.com\/fr\/guide-developpement-france\/comment-pourquoi-recruter-employe-francais\/"]}]},{"@type":"ImageObject","inLanguage":"fr-FR","@id":"https:\/\/payroll.freelance.com\/fr\/guide-developpement-france\/comment-pourquoi-recruter-employe-francais\/#primaryimage","url":"https:\/\/payroll.freelance.com\/wp-content\/uploads\/2023\/01\/comment-pourquoi-recruter-employe-francais.jpg","contentUrl":"https:\/\/payroll.freelance.com\/wp-content\/uploads\/2023\/01\/comment-pourquoi-recruter-employe-francais.jpg","width":1200,"height":800,"caption":"Employ\u00e9 fran\u00e7ais demandant \u00e0 se faire recruter"},{"@type":"BreadcrumbList","@id":"https:\/\/payroll.freelance.com\/fr\/guide-developpement-france\/comment-pourquoi-recruter-employe-francais\/#breadcrumb","itemListElement":[{"@type":"ListItem","position":1,"name":"Accueil","item":"https:\/\/payroll.freelance.com\/fr\/"},{"@type":"ListItem","position":2,"name":"Guide de la croissance en France","item":"https:\/\/payroll.freelance.com\/fr\/guide-developpement-france\/"},{"@type":"ListItem","position":3,"name":"Comment et pourquoi recruter un employ\u00e9 fran\u00e7ais ?"}]},{"@type":"WebSite","@id":"https:\/\/payroll.freelance.com\/fr\/#website","url":"https:\/\/payroll.freelance.com\/fr\/","name":"Payroll","description":"","potentialAction":[{"@type":"SearchAction","target":{"@type":"EntryPoint","urlTemplate":"https:\/\/payroll.freelance.com\/fr\/?s={search_term_string}"},"query-input":{"@type":"PropertyValueSpecification","valueRequired":true,"valueName":"search_term_string"}}],"inLanguage":"fr-FR"}]}},"_links":{"self":[{"href":"https:\/\/payroll.freelance.com\/fr\/wp-json\/wp\/v2\/pages\/2794","targetHints":{"allow":["GET"]}}],"collection":[{"href":"https:\/\/payroll.freelance.com\/fr\/wp-json\/wp\/v2\/pages"}],"about":[{"href":"https:\/\/payroll.freelance.com\/fr\/wp-json\/wp\/v2\/types\/page"}],"author":[{"embeddable":true,"href":"https:\/\/payroll.freelance.com\/fr\/wp-json\/wp\/v2\/users\/2"}],"replies":[{"embeddable":true,"href":"https:\/\/payroll.freelance.com\/fr\/wp-json\/wp\/v2\/comments?post=2794"}],"version-history":[{"count":0,"href":"https:\/\/payroll.freelance.com\/fr\/wp-json\/wp\/v2\/pages\/2794\/revisions"}],"up":[{"embeddable":true,"href":"https:\/\/payroll.freelance.com\/fr\/wp-json\/wp\/v2\/pages\/2331"}],"wp:featuredmedia":[{"embeddable":true,"href":"https:\/\/payroll.freelance.com\/fr\/wp-json\/wp\/v2\/media\/2795"}],"wp:attachment":[{"href":"https:\/\/payroll.freelance.com\/fr\/wp-json\/wp\/v2\/media?parent=2794"}],"curies":[{"name":"wp","href":"https:\/\/api.w.org\/{rel}","templated":true}]}}