{"id":2335,"date":"2022-11-09T17:00:49","date_gmt":"2022-11-09T16:00:49","guid":{"rendered":"https:\/\/payroll.freelance.com\/?page_id=2335"},"modified":"2023-03-02T11:41:52","modified_gmt":"2023-03-02T10:41:52","slug":"contrats-travails-france-caracteristiques","status":"publish","type":"page","link":"https:\/\/payroll.freelance.com\/fr\/guide-developpement-france\/contrats-travails-france-caracteristiques\/","title":{"rendered":"Les diff\u00e9rents contrats et leurs sp\u00e9cificit\u00e9s en France"},"content":{"rendered":"\n<p>En France, les entreprises fran\u00e7aises peuvent avoir recours \u00e0 diff\u00e9rentes types de contrats de travail pour embaucher des salari\u00e9s.<\/p>\n\n\n\n<p><strong>Chaque contrat de travail r\u00e9pond \u00e0 des conditions pr\u00e9cises<\/strong>, l\u2019employeur n\u2019est donc pas totalement libre de choisir le contrat qu\u2019il souhaite. Age du salari\u00e9 ; nature et dur\u00e9e des missions et motifs du recrutement, sont autant de crit\u00e8res qui doivent \u00eatre pris en compte pour choisir un contrat de travail dans le respect des conditions l\u00e9gales.<\/p>\n\n\n\n<p><strong>Les diff\u00e9rents contrats de travail en France donnent lieu \u00e0 une r\u00e9glementation sociale parfois complexe<\/strong> c\u2019est pourquoi nous vous proposons de revenir dans cet article sur les diverses formes de contrats en France et dans quelles conditions ils peuvent \u00eatre utilis\u00e9s.<\/p>\n\n\n\n<p><\/p>\n","protected":false},"excerpt":{"rendered":"<p>En France, les entreprises fran\u00e7aises peuvent avoir recours \u00e0 diff\u00e9rentes types de contrats de travail pour embaucher des salari\u00e9s. Chaque contrat de travail r\u00e9pond \u00e0 des conditions pr\u00e9cises, l\u2019employeur n\u2019est donc pas totalement libre de choisir le contrat qu\u2019il souhaite. Age du salari\u00e9 ; nature et dur\u00e9e des missions et motifs du recrutement, sont autant [&hellip;]<\/p>\n","protected":false},"author":2,"featured_media":2324,"parent":2331,"menu_order":0,"comment_status":"closed","ping_status":"closed","template":"","meta":{"inline_featured_image":false,"footnotes":""},"class_list":["post-2335","page","type-page","status-publish","has-post-thumbnail","hentry"],"acf":[],"yoast_head":"<!-- This site is optimized with the Yoast SEO plugin v27.5 - https:\/\/yoast.com\/product\/yoast-seo-wordpress\/ -->\n<title>Les contrats de travail en France - Payroll by Freelance.com<\/title>\n<meta name=\"description\" content=\"Tout savoir sur les contrats de travail en France, leurs dur\u00e9es et les obligations face \u00e0 la loi et l&#039;\u00e9tat fran\u00e7ais - Payroll by Freelance.com\" \/>\n<meta name=\"robots\" content=\"index, follow, max-snippet:-1, max-image-preview:large, max-video-preview:-1\" \/>\n<link rel=\"canonical\" href=\"https:\/\/payroll.freelance.com\/fr\/guide-developpement-france\/contrats-travails-france-caracteristiques\/\" \/>\n<meta property=\"og:locale\" content=\"fr_FR\" \/>\n<meta property=\"og:type\" content=\"article\" \/>\n<meta property=\"og:title\" content=\"Les contrats de travail en France - Payroll by Freelance.com\" \/>\n<meta property=\"og:description\" content=\"Tout savoir sur les contrats de travail en France, leurs dur\u00e9es et les obligations face \u00e0 la loi et l&#039;\u00e9tat fran\u00e7ais - Payroll by Freelance.com\" \/>\n<meta property=\"og:url\" content=\"https:\/\/payroll.freelance.com\/fr\/guide-developpement-france\/contrats-travails-france-caracteristiques\/\" \/>\n<meta property=\"og:site_name\" content=\"Payroll\" \/>\n<meta property=\"article:modified_time\" content=\"2023-03-02T10:41:52+00:00\" \/>\n<meta property=\"og:image\" content=\"https:\/\/payroll.freelance.com\/wp-content\/uploads\/2022\/11\/obligations-contractuelles-en-france-scaled.jpeg\" \/>\n\t<meta property=\"og:image:width\" content=\"2560\" \/>\n\t<meta property=\"og:image:height\" content=\"1707\" \/>\n\t<meta property=\"og:image:type\" content=\"image\/jpeg\" \/>\n<meta name=\"twitter:card\" content=\"summary_large_image\" \/>\n<meta name=\"twitter:label1\" content=\"Dur\u00e9e de lecture estim\u00e9e\" \/>\n\t<meta name=\"twitter:data1\" content=\"1 minute\" \/>\n<script type=\"application\/ld+json\" class=\"yoast-schema-graph\">{\"@context\":\"https:\\\/\\\/schema.org\",\"@graph\":[{\"@type\":\"WebPage\",\"@id\":\"https:\\\/\\\/payroll.freelance.com\\\/fr\\\/guide-developpement-france\\\/contrats-travails-france-caracteristiques\\\/\",\"url\":\"https:\\\/\\\/payroll.freelance.com\\\/fr\\\/guide-developpement-france\\\/contrats-travails-france-caracteristiques\\\/\",\"name\":\"Les contrats de travail en France - Payroll by Freelance.com\",\"isPartOf\":{\"@id\":\"https:\\\/\\\/payroll.freelance.com\\\/fr\\\/#website\"},\"primaryImageOfPage\":{\"@id\":\"https:\\\/\\\/payroll.freelance.com\\\/fr\\\/guide-developpement-france\\\/contrats-travails-france-caracteristiques\\\/#primaryimage\"},\"image\":{\"@id\":\"https:\\\/\\\/payroll.freelance.com\\\/fr\\\/guide-developpement-france\\\/contrats-travails-france-caracteristiques\\\/#primaryimage\"},\"thumbnailUrl\":\"https:\\\/\\\/payroll.freelance.com\\\/wp-content\\\/uploads\\\/2022\\\/11\\\/obligations-contractuelles-en-france-scaled.jpeg\",\"datePublished\":\"2022-11-09T16:00:49+00:00\",\"dateModified\":\"2023-03-02T10:41:52+00:00\",\"description\":\"Tout savoir sur les contrats de travail en France, leurs dur\u00e9es et les obligations face \u00e0 la loi et l'\u00e9tat fran\u00e7ais - Payroll by Freelance.com\",\"breadcrumb\":{\"@id\":\"https:\\\/\\\/payroll.freelance.com\\\/fr\\\/guide-developpement-france\\\/contrats-travails-france-caracteristiques\\\/#breadcrumb\"},\"inLanguage\":\"fr-FR\",\"potentialAction\":[{\"@type\":\"ReadAction\",\"target\":[\"https:\\\/\\\/payroll.freelance.com\\\/fr\\\/guide-developpement-france\\\/contrats-travails-france-caracteristiques\\\/\"]}]},{\"@type\":\"ImageObject\",\"inLanguage\":\"fr-FR\",\"@id\":\"https:\\\/\\\/payroll.freelance.com\\\/fr\\\/guide-developpement-france\\\/contrats-travails-france-caracteristiques\\\/#primaryimage\",\"url\":\"https:\\\/\\\/payroll.freelance.com\\\/wp-content\\\/uploads\\\/2022\\\/11\\\/obligations-contractuelles-en-france-scaled.jpeg\",\"contentUrl\":\"https:\\\/\\\/payroll.freelance.com\\\/wp-content\\\/uploads\\\/2022\\\/11\\\/obligations-contractuelles-en-france-scaled.jpeg\",\"width\":2560,\"height\":1707,\"caption\":\"Signing the agreement in the contract.\"},{\"@type\":\"BreadcrumbList\",\"@id\":\"https:\\\/\\\/payroll.freelance.com\\\/fr\\\/guide-developpement-france\\\/contrats-travails-france-caracteristiques\\\/#breadcrumb\",\"itemListElement\":[{\"@type\":\"ListItem\",\"position\":1,\"name\":\"Accueil\",\"item\":\"https:\\\/\\\/payroll.freelance.com\\\/fr\\\/\"},{\"@type\":\"ListItem\",\"position\":2,\"name\":\"Guide de la croissance en France\",\"item\":\"https:\\\/\\\/payroll.freelance.com\\\/fr\\\/guide-developpement-france\\\/\"},{\"@type\":\"ListItem\",\"position\":3,\"name\":\"Les diff\u00e9rents contrats et leurs sp\u00e9cificit\u00e9s en France\"}]},{\"@type\":\"WebSite\",\"@id\":\"https:\\\/\\\/payroll.freelance.com\\\/fr\\\/#website\",\"url\":\"https:\\\/\\\/payroll.freelance.com\\\/fr\\\/\",\"name\":\"Payroll\",\"description\":\"\",\"potentialAction\":[{\"@type\":\"SearchAction\",\"target\":{\"@type\":\"EntryPoint\",\"urlTemplate\":\"https:\\\/\\\/payroll.freelance.com\\\/fr\\\/?s={search_term_string}\"},\"query-input\":{\"@type\":\"PropertyValueSpecification\",\"valueRequired\":true,\"valueName\":\"search_term_string\"}}],\"inLanguage\":\"fr-FR\"}]}<\/script>\n<!-- \/ Yoast SEO plugin. -->","yoast_head_json":{"title":"Les contrats de travail en France - Payroll by Freelance.com","description":"Tout savoir sur les contrats de travail en France, leurs dur\u00e9es et les obligations face \u00e0 la loi et l'\u00e9tat fran\u00e7ais - Payroll by Freelance.com","robots":{"index":"index","follow":"follow","max-snippet":"max-snippet:-1","max-image-preview":"max-image-preview:large","max-video-preview":"max-video-preview:-1"},"canonical":"https:\/\/payroll.freelance.com\/fr\/guide-developpement-france\/contrats-travails-france-caracteristiques\/","og_locale":"fr_FR","og_type":"article","og_title":"Les contrats de travail en France - Payroll by Freelance.com","og_description":"Tout savoir sur les contrats de travail en France, leurs dur\u00e9es et les obligations face \u00e0 la loi et l'\u00e9tat fran\u00e7ais - Payroll by Freelance.com","og_url":"https:\/\/payroll.freelance.com\/fr\/guide-developpement-france\/contrats-travails-france-caracteristiques\/","og_site_name":"Payroll","article_modified_time":"2023-03-02T10:41:52+00:00","og_image":[{"width":2560,"height":1707,"url":"https:\/\/payroll.freelance.com\/wp-content\/uploads\/2022\/11\/obligations-contractuelles-en-france-scaled.jpeg","type":"image\/jpeg"}],"twitter_card":"summary_large_image","twitter_misc":{"Dur\u00e9e de lecture estim\u00e9e":"1 minute"},"schema":{"@context":"https:\/\/schema.org","@graph":[{"@type":"WebPage","@id":"https:\/\/payroll.freelance.com\/fr\/guide-developpement-france\/contrats-travails-france-caracteristiques\/","url":"https:\/\/payroll.freelance.com\/fr\/guide-developpement-france\/contrats-travails-france-caracteristiques\/","name":"Les contrats de travail en France - Payroll by Freelance.com","isPartOf":{"@id":"https:\/\/payroll.freelance.com\/fr\/#website"},"primaryImageOfPage":{"@id":"https:\/\/payroll.freelance.com\/fr\/guide-developpement-france\/contrats-travails-france-caracteristiques\/#primaryimage"},"image":{"@id":"https:\/\/payroll.freelance.com\/fr\/guide-developpement-france\/contrats-travails-france-caracteristiques\/#primaryimage"},"thumbnailUrl":"https:\/\/payroll.freelance.com\/wp-content\/uploads\/2022\/11\/obligations-contractuelles-en-france-scaled.jpeg","datePublished":"2022-11-09T16:00:49+00:00","dateModified":"2023-03-02T10:41:52+00:00","description":"Tout savoir sur les contrats de travail en France, leurs dur\u00e9es et les obligations face \u00e0 la loi et l'\u00e9tat fran\u00e7ais - Payroll by Freelance.com","breadcrumb":{"@id":"https:\/\/payroll.freelance.com\/fr\/guide-developpement-france\/contrats-travails-france-caracteristiques\/#breadcrumb"},"inLanguage":"fr-FR","potentialAction":[{"@type":"ReadAction","target":["https:\/\/payroll.freelance.com\/fr\/guide-developpement-france\/contrats-travails-france-caracteristiques\/"]}]},{"@type":"ImageObject","inLanguage":"fr-FR","@id":"https:\/\/payroll.freelance.com\/fr\/guide-developpement-france\/contrats-travails-france-caracteristiques\/#primaryimage","url":"https:\/\/payroll.freelance.com\/wp-content\/uploads\/2022\/11\/obligations-contractuelles-en-france-scaled.jpeg","contentUrl":"https:\/\/payroll.freelance.com\/wp-content\/uploads\/2022\/11\/obligations-contractuelles-en-france-scaled.jpeg","width":2560,"height":1707,"caption":"Signing the agreement in the contract."},{"@type":"BreadcrumbList","@id":"https:\/\/payroll.freelance.com\/fr\/guide-developpement-france\/contrats-travails-france-caracteristiques\/#breadcrumb","itemListElement":[{"@type":"ListItem","position":1,"name":"Accueil","item":"https:\/\/payroll.freelance.com\/fr\/"},{"@type":"ListItem","position":2,"name":"Guide de la croissance en France","item":"https:\/\/payroll.freelance.com\/fr\/guide-developpement-france\/"},{"@type":"ListItem","position":3,"name":"Les diff\u00e9rents contrats et leurs sp\u00e9cificit\u00e9s en France"}]},{"@type":"WebSite","@id":"https:\/\/payroll.freelance.com\/fr\/#website","url":"https:\/\/payroll.freelance.com\/fr\/","name":"Payroll","description":"","potentialAction":[{"@type":"SearchAction","target":{"@type":"EntryPoint","urlTemplate":"https:\/\/payroll.freelance.com\/fr\/?s={search_term_string}"},"query-input":{"@type":"PropertyValueSpecification","valueRequired":true,"valueName":"search_term_string"}}],"inLanguage":"fr-FR"}]}},"_links":{"self":[{"href":"https:\/\/payroll.freelance.com\/fr\/wp-json\/wp\/v2\/pages\/2335","targetHints":{"allow":["GET"]}}],"collection":[{"href":"https:\/\/payroll.freelance.com\/fr\/wp-json\/wp\/v2\/pages"}],"about":[{"href":"https:\/\/payroll.freelance.com\/fr\/wp-json\/wp\/v2\/types\/page"}],"author":[{"embeddable":true,"href":"https:\/\/payroll.freelance.com\/fr\/wp-json\/wp\/v2\/users\/2"}],"replies":[{"embeddable":true,"href":"https:\/\/payroll.freelance.com\/fr\/wp-json\/wp\/v2\/comments?post=2335"}],"version-history":[{"count":0,"href":"https:\/\/payroll.freelance.com\/fr\/wp-json\/wp\/v2\/pages\/2335\/revisions"}],"up":[{"embeddable":true,"href":"https:\/\/payroll.freelance.com\/fr\/wp-json\/wp\/v2\/pages\/2331"}],"wp:featuredmedia":[{"embeddable":true,"href":"https:\/\/payroll.freelance.com\/fr\/wp-json\/wp\/v2\/media\/2324"}],"wp:attachment":[{"href":"https:\/\/payroll.freelance.com\/fr\/wp-json\/wp\/v2\/media?parent=2335"}],"curies":[{"name":"wp","href":"https:\/\/api.w.org\/{rel}","templated":true}]}}