{"id":2331,"date":"2022-11-09T16:00:11","date_gmt":"2022-11-09T15:00:11","guid":{"rendered":"https:\/\/payroll.freelance.com\/?page_id=2331"},"modified":"2023-02-13T15:04:45","modified_gmt":"2023-02-13T14:04:45","slug":"guide-developpement-france","status":"publish","type":"page","link":"https:\/\/payroll.freelance.com\/fr\/guide-developpement-france\/","title":{"rendered":"Guide de la croissance en France"},"content":{"rendered":"\n<p>D\u00e9couvrez <strong>les derni\u00e8res recommandations sur le d\u00e9veloppement de votre activit\u00e9 en France<\/strong>, les probl\u00e9matiques li\u00e9es aux questions juridiques, vos interrogations quant \u00e0 l&rsquo;accompagnement de vos salari\u00e9s sur le territoire ou les questions qui d\u00e9coulent de la gestion de vos sous-traitants.<\/p>\n","protected":false},"excerpt":{"rendered":"<p>D\u00e9couvrez les derni\u00e8res recommandations sur le d\u00e9veloppement de votre activit\u00e9 en France, les probl\u00e9matiques li\u00e9es aux questions juridiques, vos interrogations quant \u00e0 l&rsquo;accompagnement de vos salari\u00e9s sur le territoire ou les questions qui d\u00e9coulent de la gestion de vos sous-traitants.<\/p>\n","protected":false},"author":2,"featured_media":0,"parent":0,"menu_order":0,"comment_status":"closed","ping_status":"closed","template":"","meta":{"inline_featured_image":false,"footnotes":""},"class_list":["post-2331","page","type-page","status-publish","hentry"],"acf":[],"yoast_head":"<!-- This site is optimized with the Yoast SEO plugin v27.4 - https:\/\/yoast.com\/product\/yoast-seo-wordpress\/ -->\n<title>Guide de la croissance en France - Payroll by Freelance.com<\/title>\n<meta name=\"description\" content=\"D\u00e9couvrez le guide de la croissance en France et nos recommandations sur le d\u00e9veloppement de vos activit\u00e9s en toute conformit\u00e9 - Payroll by Freelance.com\" \/>\n<meta name=\"robots\" content=\"index, follow, max-snippet:-1, max-image-preview:large, max-video-preview:-1\" \/>\n<link rel=\"canonical\" href=\"https:\/\/payroll.freelance.com\/fr\/guide-developpement-france\/\" \/>\n<meta property=\"og:locale\" content=\"fr_FR\" \/>\n<meta property=\"og:type\" content=\"article\" \/>\n<meta property=\"og:title\" content=\"Guide de la croissance en France - Payroll by Freelance.com\" \/>\n<meta property=\"og:description\" content=\"D\u00e9couvrez le guide de la croissance en France et nos recommandations sur le d\u00e9veloppement de vos activit\u00e9s en toute conformit\u00e9 - Payroll by Freelance.com\" \/>\n<meta property=\"og:url\" content=\"https:\/\/payroll.freelance.com\/fr\/guide-developpement-france\/\" \/>\n<meta property=\"og:site_name\" content=\"Payroll\" \/>\n<meta property=\"article:modified_time\" content=\"2023-02-13T14:04:45+00:00\" \/>\n<meta name=\"twitter:card\" content=\"summary_large_image\" \/>\n<meta name=\"twitter:label1\" content=\"Dur\u00e9e de lecture estim\u00e9e\" \/>\n\t<meta name=\"twitter:data1\" content=\"1 minute\" \/>\n<script type=\"application\/ld+json\" class=\"yoast-schema-graph\">{\"@context\":\"https:\\\/\\\/schema.org\",\"@graph\":[{\"@type\":\"WebPage\",\"@id\":\"https:\\\/\\\/payroll.freelance.com\\\/fr\\\/guide-developpement-france\\\/\",\"url\":\"https:\\\/\\\/payroll.freelance.com\\\/fr\\\/guide-developpement-france\\\/\",\"name\":\"Guide de la croissance en France - Payroll by Freelance.com\",\"isPartOf\":{\"@id\":\"https:\\\/\\\/payroll.freelance.com\\\/fr\\\/#website\"},\"datePublished\":\"2022-11-09T15:00:11+00:00\",\"dateModified\":\"2023-02-13T14:04:45+00:00\",\"description\":\"D\u00e9couvrez le guide de la croissance en France et nos recommandations sur le d\u00e9veloppement de vos activit\u00e9s en toute conformit\u00e9 - Payroll by Freelance.com\",\"breadcrumb\":{\"@id\":\"https:\\\/\\\/payroll.freelance.com\\\/fr\\\/guide-developpement-france\\\/#breadcrumb\"},\"inLanguage\":\"fr-FR\",\"potentialAction\":[{\"@type\":\"ReadAction\",\"target\":[\"https:\\\/\\\/payroll.freelance.com\\\/fr\\\/guide-developpement-france\\\/\"]}]},{\"@type\":\"BreadcrumbList\",\"@id\":\"https:\\\/\\\/payroll.freelance.com\\\/fr\\\/guide-developpement-france\\\/#breadcrumb\",\"itemListElement\":[{\"@type\":\"ListItem\",\"position\":1,\"name\":\"Accueil\",\"item\":\"https:\\\/\\\/payroll.freelance.com\\\/fr\\\/\"},{\"@type\":\"ListItem\",\"position\":2,\"name\":\"Guide de la croissance en France\"}]},{\"@type\":\"WebSite\",\"@id\":\"https:\\\/\\\/payroll.freelance.com\\\/fr\\\/#website\",\"url\":\"https:\\\/\\\/payroll.freelance.com\\\/fr\\\/\",\"name\":\"Payroll\",\"description\":\"\",\"potentialAction\":[{\"@type\":\"SearchAction\",\"target\":{\"@type\":\"EntryPoint\",\"urlTemplate\":\"https:\\\/\\\/payroll.freelance.com\\\/fr\\\/?s={search_term_string}\"},\"query-input\":{\"@type\":\"PropertyValueSpecification\",\"valueRequired\":true,\"valueName\":\"search_term_string\"}}],\"inLanguage\":\"fr-FR\"}]}<\/script>\n<!-- \/ Yoast SEO plugin. -->","yoast_head_json":{"title":"Guide de la croissance en France - Payroll by Freelance.com","description":"D\u00e9couvrez le guide de la croissance en France et nos recommandations sur le d\u00e9veloppement de vos activit\u00e9s en toute conformit\u00e9 - Payroll by Freelance.com","robots":{"index":"index","follow":"follow","max-snippet":"max-snippet:-1","max-image-preview":"max-image-preview:large","max-video-preview":"max-video-preview:-1"},"canonical":"https:\/\/payroll.freelance.com\/fr\/guide-developpement-france\/","og_locale":"fr_FR","og_type":"article","og_title":"Guide de la croissance en France - Payroll by Freelance.com","og_description":"D\u00e9couvrez le guide de la croissance en France et nos recommandations sur le d\u00e9veloppement de vos activit\u00e9s en toute conformit\u00e9 - Payroll by Freelance.com","og_url":"https:\/\/payroll.freelance.com\/fr\/guide-developpement-france\/","og_site_name":"Payroll","article_modified_time":"2023-02-13T14:04:45+00:00","twitter_card":"summary_large_image","twitter_misc":{"Dur\u00e9e de lecture estim\u00e9e":"1 minute"},"schema":{"@context":"https:\/\/schema.org","@graph":[{"@type":"WebPage","@id":"https:\/\/payroll.freelance.com\/fr\/guide-developpement-france\/","url":"https:\/\/payroll.freelance.com\/fr\/guide-developpement-france\/","name":"Guide de la croissance en France - Payroll by Freelance.com","isPartOf":{"@id":"https:\/\/payroll.freelance.com\/fr\/#website"},"datePublished":"2022-11-09T15:00:11+00:00","dateModified":"2023-02-13T14:04:45+00:00","description":"D\u00e9couvrez le guide de la croissance en France et nos recommandations sur le d\u00e9veloppement de vos activit\u00e9s en toute conformit\u00e9 - Payroll by Freelance.com","breadcrumb":{"@id":"https:\/\/payroll.freelance.com\/fr\/guide-developpement-france\/#breadcrumb"},"inLanguage":"fr-FR","potentialAction":[{"@type":"ReadAction","target":["https:\/\/payroll.freelance.com\/fr\/guide-developpement-france\/"]}]},{"@type":"BreadcrumbList","@id":"https:\/\/payroll.freelance.com\/fr\/guide-developpement-france\/#breadcrumb","itemListElement":[{"@type":"ListItem","position":1,"name":"Accueil","item":"https:\/\/payroll.freelance.com\/fr\/"},{"@type":"ListItem","position":2,"name":"Guide de la croissance en France"}]},{"@type":"WebSite","@id":"https:\/\/payroll.freelance.com\/fr\/#website","url":"https:\/\/payroll.freelance.com\/fr\/","name":"Payroll","description":"","potentialAction":[{"@type":"SearchAction","target":{"@type":"EntryPoint","urlTemplate":"https:\/\/payroll.freelance.com\/fr\/?s={search_term_string}"},"query-input":{"@type":"PropertyValueSpecification","valueRequired":true,"valueName":"search_term_string"}}],"inLanguage":"fr-FR"}]}},"_links":{"self":[{"href":"https:\/\/payroll.freelance.com\/fr\/wp-json\/wp\/v2\/pages\/2331","targetHints":{"allow":["GET"]}}],"collection":[{"href":"https:\/\/payroll.freelance.com\/fr\/wp-json\/wp\/v2\/pages"}],"about":[{"href":"https:\/\/payroll.freelance.com\/fr\/wp-json\/wp\/v2\/types\/page"}],"author":[{"embeddable":true,"href":"https:\/\/payroll.freelance.com\/fr\/wp-json\/wp\/v2\/users\/2"}],"replies":[{"embeddable":true,"href":"https:\/\/payroll.freelance.com\/fr\/wp-json\/wp\/v2\/comments?post=2331"}],"version-history":[{"count":0,"href":"https:\/\/payroll.freelance.com\/fr\/wp-json\/wp\/v2\/pages\/2331\/revisions"}],"wp:attachment":[{"href":"https:\/\/payroll.freelance.com\/fr\/wp-json\/wp\/v2\/media?parent=2331"}],"curies":[{"name":"wp","href":"https:\/\/api.w.org\/{rel}","templated":true}]}}