{"id":1947,"date":"2022-10-26T17:00:09","date_gmt":"2022-10-26T15:00:09","guid":{"rendered":"https:\/\/payroll.freelance.com\/?page_id=1947"},"modified":"2023-02-13T15:51:23","modified_gmt":"2023-02-13T14:51:23","slug":"employer-of-record","status":"publish","type":"page","link":"https:\/\/payroll.freelance.com\/fr\/employer-of-record\/","title":{"rendered":"Qu&rsquo;est-ce qu&rsquo;un EOR ?"},"content":{"rendered":"\n<p>Pour d\u00e9ployer son activit\u00e9 \u00e0 l\u2019international, une entreprise doit souvent faire appel \u00e0 des collaborateurs \u00e0 l\u2019\u00e9tranger. Pour que l\u2019embauche se fasse en toute l\u00e9galit\u00e9, il est alors int\u00e9ressant de passer par un <strong>Employer of Record (EoR)<\/strong>. D\u00e9couvrons les sp\u00e9cificit\u00e9s de ce fournisseur de services d\u2019embauche particulier.<\/p>\n","protected":false},"excerpt":{"rendered":"<p>Pour d\u00e9ployer son activit\u00e9 \u00e0 l\u2019international, une entreprise doit souvent faire appel \u00e0 des collaborateurs \u00e0 l\u2019\u00e9tranger. Pour que l\u2019embauche se fasse en toute l\u00e9galit\u00e9, il est alors int\u00e9ressant de passer par un Employer of Record (EoR). D\u00e9couvrons les sp\u00e9cificit\u00e9s de ce fournisseur de services d\u2019embauche particulier.<\/p>\n","protected":false},"author":2,"featured_media":0,"parent":0,"menu_order":0,"comment_status":"closed","ping_status":"closed","template":"","meta":{"inline_featured_image":false,"footnotes":""},"class_list":["post-1947","page","type-page","status-publish","hentry"],"acf":[],"yoast_head":"<!-- This site is optimized with the Yoast SEO plugin v27.3 - https:\/\/yoast.com\/product\/yoast-seo-wordpress\/ -->\n<title>EOR : Tout sur l\u2019Employer of Record - Payroll by Freelance.com<\/title>\n<meta name=\"description\" content=\"Le t\u00e9l\u00e9travail ouvre des perspectives d\u2019emplois. L\u2019Employer of Record (EoR) permet de recruter \u00e0 l\u2019\u00e9tranger en toute l\u00e9galit\u00e9 - Payroll by Freelance.com\" \/>\n<meta name=\"robots\" content=\"index, follow, max-snippet:-1, max-image-preview:large, max-video-preview:-1\" \/>\n<link rel=\"canonical\" href=\"https:\/\/payroll.freelance.com\/fr\/employer-of-record\/\" \/>\n<meta property=\"og:locale\" content=\"fr_FR\" \/>\n<meta property=\"og:type\" content=\"article\" \/>\n<meta property=\"og:title\" content=\"EOR : Tout sur l\u2019Employer of Record - Payroll by Freelance.com\" \/>\n<meta property=\"og:description\" content=\"Le t\u00e9l\u00e9travail ouvre des perspectives d\u2019emplois. L\u2019Employer of Record (EoR) permet de recruter \u00e0 l\u2019\u00e9tranger en toute l\u00e9galit\u00e9 - Payroll by Freelance.com\" \/>\n<meta property=\"og:url\" content=\"https:\/\/payroll.freelance.com\/fr\/employer-of-record\/\" \/>\n<meta property=\"og:site_name\" content=\"Payroll\" \/>\n<meta property=\"article:modified_time\" content=\"2023-02-13T14:51:23+00:00\" \/>\n<meta name=\"twitter:card\" content=\"summary_large_image\" \/>\n<meta name=\"twitter:label1\" content=\"Dur\u00e9e de lecture estim\u00e9e\" \/>\n\t<meta name=\"twitter:data1\" content=\"1 minute\" \/>\n<script type=\"application\/ld+json\" class=\"yoast-schema-graph\">{\"@context\":\"https:\\\/\\\/schema.org\",\"@graph\":[{\"@type\":\"WebPage\",\"@id\":\"https:\\\/\\\/payroll.freelance.com\\\/fr\\\/employer-of-record\\\/\",\"url\":\"https:\\\/\\\/payroll.freelance.com\\\/fr\\\/employer-of-record\\\/\",\"name\":\"EOR : Tout sur l\u2019Employer of Record - Payroll by Freelance.com\",\"isPartOf\":{\"@id\":\"https:\\\/\\\/payroll.freelance.com\\\/fr\\\/#website\"},\"datePublished\":\"2022-10-26T15:00:09+00:00\",\"dateModified\":\"2023-02-13T14:51:23+00:00\",\"description\":\"Le t\u00e9l\u00e9travail ouvre des perspectives d\u2019emplois. L\u2019Employer of Record (EoR) permet de recruter \u00e0 l\u2019\u00e9tranger en toute l\u00e9galit\u00e9 - Payroll by Freelance.com\",\"breadcrumb\":{\"@id\":\"https:\\\/\\\/payroll.freelance.com\\\/fr\\\/employer-of-record\\\/#breadcrumb\"},\"inLanguage\":\"fr-FR\",\"potentialAction\":[{\"@type\":\"ReadAction\",\"target\":[\"https:\\\/\\\/payroll.freelance.com\\\/fr\\\/employer-of-record\\\/\"]}]},{\"@type\":\"BreadcrumbList\",\"@id\":\"https:\\\/\\\/payroll.freelance.com\\\/fr\\\/employer-of-record\\\/#breadcrumb\",\"itemListElement\":[{\"@type\":\"ListItem\",\"position\":1,\"name\":\"Accueil\",\"item\":\"https:\\\/\\\/payroll.freelance.com\\\/fr\\\/\"},{\"@type\":\"ListItem\",\"position\":2,\"name\":\"Qu&rsquo;est-ce qu&rsquo;un EOR ?\"}]},{\"@type\":\"WebSite\",\"@id\":\"https:\\\/\\\/payroll.freelance.com\\\/fr\\\/#website\",\"url\":\"https:\\\/\\\/payroll.freelance.com\\\/fr\\\/\",\"name\":\"Payroll\",\"description\":\"\",\"potentialAction\":[{\"@type\":\"SearchAction\",\"target\":{\"@type\":\"EntryPoint\",\"urlTemplate\":\"https:\\\/\\\/payroll.freelance.com\\\/fr\\\/?s={search_term_string}\"},\"query-input\":{\"@type\":\"PropertyValueSpecification\",\"valueRequired\":true,\"valueName\":\"search_term_string\"}}],\"inLanguage\":\"fr-FR\"}]}<\/script>\n<!-- \/ Yoast SEO plugin. -->","yoast_head_json":{"title":"EOR : Tout sur l\u2019Employer of Record - Payroll by Freelance.com","description":"Le t\u00e9l\u00e9travail ouvre des perspectives d\u2019emplois. L\u2019Employer of Record (EoR) permet de recruter \u00e0 l\u2019\u00e9tranger en toute l\u00e9galit\u00e9 - Payroll by Freelance.com","robots":{"index":"index","follow":"follow","max-snippet":"max-snippet:-1","max-image-preview":"max-image-preview:large","max-video-preview":"max-video-preview:-1"},"canonical":"https:\/\/payroll.freelance.com\/fr\/employer-of-record\/","og_locale":"fr_FR","og_type":"article","og_title":"EOR : Tout sur l\u2019Employer of Record - Payroll by Freelance.com","og_description":"Le t\u00e9l\u00e9travail ouvre des perspectives d\u2019emplois. L\u2019Employer of Record (EoR) permet de recruter \u00e0 l\u2019\u00e9tranger en toute l\u00e9galit\u00e9 - Payroll by Freelance.com","og_url":"https:\/\/payroll.freelance.com\/fr\/employer-of-record\/","og_site_name":"Payroll","article_modified_time":"2023-02-13T14:51:23+00:00","twitter_card":"summary_large_image","twitter_misc":{"Dur\u00e9e de lecture estim\u00e9e":"1 minute"},"schema":{"@context":"https:\/\/schema.org","@graph":[{"@type":"WebPage","@id":"https:\/\/payroll.freelance.com\/fr\/employer-of-record\/","url":"https:\/\/payroll.freelance.com\/fr\/employer-of-record\/","name":"EOR : Tout sur l\u2019Employer of Record - Payroll by Freelance.com","isPartOf":{"@id":"https:\/\/payroll.freelance.com\/fr\/#website"},"datePublished":"2022-10-26T15:00:09+00:00","dateModified":"2023-02-13T14:51:23+00:00","description":"Le t\u00e9l\u00e9travail ouvre des perspectives d\u2019emplois. L\u2019Employer of Record (EoR) permet de recruter \u00e0 l\u2019\u00e9tranger en toute l\u00e9galit\u00e9 - Payroll by Freelance.com","breadcrumb":{"@id":"https:\/\/payroll.freelance.com\/fr\/employer-of-record\/#breadcrumb"},"inLanguage":"fr-FR","potentialAction":[{"@type":"ReadAction","target":["https:\/\/payroll.freelance.com\/fr\/employer-of-record\/"]}]},{"@type":"BreadcrumbList","@id":"https:\/\/payroll.freelance.com\/fr\/employer-of-record\/#breadcrumb","itemListElement":[{"@type":"ListItem","position":1,"name":"Accueil","item":"https:\/\/payroll.freelance.com\/fr\/"},{"@type":"ListItem","position":2,"name":"Qu&rsquo;est-ce qu&rsquo;un EOR ?"}]},{"@type":"WebSite","@id":"https:\/\/payroll.freelance.com\/fr\/#website","url":"https:\/\/payroll.freelance.com\/fr\/","name":"Payroll","description":"","potentialAction":[{"@type":"SearchAction","target":{"@type":"EntryPoint","urlTemplate":"https:\/\/payroll.freelance.com\/fr\/?s={search_term_string}"},"query-input":{"@type":"PropertyValueSpecification","valueRequired":true,"valueName":"search_term_string"}}],"inLanguage":"fr-FR"}]}},"_links":{"self":[{"href":"https:\/\/payroll.freelance.com\/fr\/wp-json\/wp\/v2\/pages\/1947","targetHints":{"allow":["GET"]}}],"collection":[{"href":"https:\/\/payroll.freelance.com\/fr\/wp-json\/wp\/v2\/pages"}],"about":[{"href":"https:\/\/payroll.freelance.com\/fr\/wp-json\/wp\/v2\/types\/page"}],"author":[{"embeddable":true,"href":"https:\/\/payroll.freelance.com\/fr\/wp-json\/wp\/v2\/users\/2"}],"replies":[{"embeddable":true,"href":"https:\/\/payroll.freelance.com\/fr\/wp-json\/wp\/v2\/comments?post=1947"}],"version-history":[{"count":0,"href":"https:\/\/payroll.freelance.com\/fr\/wp-json\/wp\/v2\/pages\/1947\/revisions"}],"wp:attachment":[{"href":"https:\/\/payroll.freelance.com\/fr\/wp-json\/wp\/v2\/media?parent=1947"}],"curies":[{"name":"wp","href":"https:\/\/api.w.org\/{rel}","templated":true}]}}