{"id":1828,"date":"2022-10-13T18:00:18","date_gmt":"2022-10-13T16:00:18","guid":{"rendered":"https:\/\/payroll.freelance.com\/?page_id=1828"},"modified":"2023-02-13T16:06:45","modified_gmt":"2023-02-13T15:06:45","slug":"employer-salaries-france","status":"publish","type":"page","link":"https:\/\/payroll.freelance.com\/fr\/employer-salaries-france\/","title":{"rendered":"Employer des salari\u00e9s en France"},"content":{"rendered":"\n<p><strong>Vous cherchez une solution pour mettre en place une \u00e9quipe bas\u00e9e en France rapidement&nbsp;?<\/strong> Payroll by Freelance.com r\u00e9pond \u00e0 vos besoins.&nbsp;<br>&nbsp;<br><strong>Engagez simplement et rapidement des salari\u00e9s fran\u00e7ais<\/strong> ou bien <strong>expatriez vos propres employ\u00e9s en France<\/strong>.<\/p>\n","protected":false},"excerpt":{"rendered":"<p>Vous cherchez une solution pour mettre en place une \u00e9quipe bas\u00e9e en France rapidement&nbsp;? Payroll by Freelance.com r\u00e9pond \u00e0 vos besoins.&nbsp;&nbsp;Engagez simplement et rapidement des salari\u00e9s fran\u00e7ais ou bien expatriez vos propres employ\u00e9s en France.<\/p>\n","protected":false},"author":2,"featured_media":2401,"parent":0,"menu_order":0,"comment_status":"closed","ping_status":"closed","template":"page-templates\/page-landing.php","meta":{"inline_featured_image":false,"footnotes":""},"class_list":["post-1828","page","type-page","status-publish","has-post-thumbnail","hentry"],"acf":[],"yoast_head":"<!-- This site is optimized with the Yoast SEO plugin v27.4 - https:\/\/yoast.com\/product\/yoast-seo-wordpress\/ -->\n<title>Emploi de salari\u00e9s en France - Payroll by Freelance.com<\/title>\n<meta name=\"description\" content=\"Employer des salari\u00e9s en France : engager des talents fran\u00e7ais ou expatriez vos propres employ\u00e9s dans le pays gr\u00e2ce \u00e0 Payroll by Freelance.com !\" \/>\n<meta name=\"robots\" content=\"index, follow, max-snippet:-1, max-image-preview:large, max-video-preview:-1\" \/>\n<link rel=\"canonical\" href=\"https:\/\/payroll.freelance.com\/fr\/employer-salaries-france\/\" \/>\n<meta property=\"og:locale\" content=\"fr_FR\" \/>\n<meta property=\"og:type\" content=\"article\" \/>\n<meta property=\"og:title\" content=\"Emploi de salari\u00e9s en France - Payroll by Freelance.com\" \/>\n<meta property=\"og:description\" content=\"Employer des salari\u00e9s en France : engager des talents fran\u00e7ais ou expatriez vos propres employ\u00e9s dans le pays gr\u00e2ce \u00e0 Payroll by Freelance.com !\" \/>\n<meta property=\"og:url\" content=\"https:\/\/payroll.freelance.com\/fr\/employer-salaries-france\/\" \/>\n<meta property=\"og:site_name\" content=\"Payroll\" \/>\n<meta property=\"article:modified_time\" content=\"2023-02-13T15:06:45+00:00\" \/>\n<meta property=\"og:image\" content=\"https:\/\/payroll.freelance.com\/wp-content\/uploads\/2022\/11\/Sans-titre-1.jpg\" \/>\n\t<meta property=\"og:image:width\" content=\"678\" \/>\n\t<meta property=\"og:image:height\" content=\"630\" \/>\n\t<meta property=\"og:image:type\" content=\"image\/jpeg\" \/>\n<meta name=\"twitter:card\" content=\"summary_large_image\" \/>\n<meta name=\"twitter:label1\" content=\"Dur\u00e9e de lecture estim\u00e9e\" \/>\n\t<meta name=\"twitter:data1\" content=\"1 minute\" \/>\n<script type=\"application\/ld+json\" class=\"yoast-schema-graph\">{\"@context\":\"https:\\\/\\\/schema.org\",\"@graph\":[{\"@type\":\"WebPage\",\"@id\":\"https:\\\/\\\/payroll.freelance.com\\\/fr\\\/employer-salaries-france\\\/\",\"url\":\"https:\\\/\\\/payroll.freelance.com\\\/fr\\\/employer-salaries-france\\\/\",\"name\":\"Emploi de salari\u00e9s en France - Payroll by Freelance.com\",\"isPartOf\":{\"@id\":\"https:\\\/\\\/payroll.freelance.com\\\/fr\\\/#website\"},\"primaryImageOfPage\":{\"@id\":\"https:\\\/\\\/payroll.freelance.com\\\/fr\\\/employer-salaries-france\\\/#primaryimage\"},\"image\":{\"@id\":\"https:\\\/\\\/payroll.freelance.com\\\/fr\\\/employer-salaries-france\\\/#primaryimage\"},\"thumbnailUrl\":\"https:\\\/\\\/payroll.freelance.com\\\/wp-content\\\/uploads\\\/2022\\\/11\\\/Sans-titre-1.jpg\",\"datePublished\":\"2022-10-13T16:00:18+00:00\",\"dateModified\":\"2023-02-13T15:06:45+00:00\",\"description\":\"Employer des salari\u00e9s en France : engager des talents fran\u00e7ais ou expatriez vos propres employ\u00e9s dans le pays gr\u00e2ce \u00e0 Payroll by Freelance.com !\",\"breadcrumb\":{\"@id\":\"https:\\\/\\\/payroll.freelance.com\\\/fr\\\/employer-salaries-france\\\/#breadcrumb\"},\"inLanguage\":\"fr-FR\",\"potentialAction\":[{\"@type\":\"ReadAction\",\"target\":[\"https:\\\/\\\/payroll.freelance.com\\\/fr\\\/employer-salaries-france\\\/\"]}]},{\"@type\":\"ImageObject\",\"inLanguage\":\"fr-FR\",\"@id\":\"https:\\\/\\\/payroll.freelance.com\\\/fr\\\/employer-salaries-france\\\/#primaryimage\",\"url\":\"https:\\\/\\\/payroll.freelance.com\\\/wp-content\\\/uploads\\\/2022\\\/11\\\/Sans-titre-1.jpg\",\"contentUrl\":\"https:\\\/\\\/payroll.freelance.com\\\/wp-content\\\/uploads\\\/2022\\\/11\\\/Sans-titre-1.jpg\",\"width\":678,\"height\":630,\"caption\":\"fond gris uni\"},{\"@type\":\"BreadcrumbList\",\"@id\":\"https:\\\/\\\/payroll.freelance.com\\\/fr\\\/employer-salaries-france\\\/#breadcrumb\",\"itemListElement\":[{\"@type\":\"ListItem\",\"position\":1,\"name\":\"Accueil\",\"item\":\"https:\\\/\\\/payroll.freelance.com\\\/fr\\\/\"},{\"@type\":\"ListItem\",\"position\":2,\"name\":\"Employer des salari\u00e9s en France\"}]},{\"@type\":\"WebSite\",\"@id\":\"https:\\\/\\\/payroll.freelance.com\\\/fr\\\/#website\",\"url\":\"https:\\\/\\\/payroll.freelance.com\\\/fr\\\/\",\"name\":\"Payroll\",\"description\":\"\",\"potentialAction\":[{\"@type\":\"SearchAction\",\"target\":{\"@type\":\"EntryPoint\",\"urlTemplate\":\"https:\\\/\\\/payroll.freelance.com\\\/fr\\\/?s={search_term_string}\"},\"query-input\":{\"@type\":\"PropertyValueSpecification\",\"valueRequired\":true,\"valueName\":\"search_term_string\"}}],\"inLanguage\":\"fr-FR\"}]}<\/script>\n<!-- \/ Yoast SEO plugin. -->","yoast_head_json":{"title":"Emploi de salari\u00e9s en France - Payroll by Freelance.com","description":"Employer des salari\u00e9s en France : engager des talents fran\u00e7ais ou expatriez vos propres employ\u00e9s dans le pays gr\u00e2ce \u00e0 Payroll by Freelance.com !","robots":{"index":"index","follow":"follow","max-snippet":"max-snippet:-1","max-image-preview":"max-image-preview:large","max-video-preview":"max-video-preview:-1"},"canonical":"https:\/\/payroll.freelance.com\/fr\/employer-salaries-france\/","og_locale":"fr_FR","og_type":"article","og_title":"Emploi de salari\u00e9s en France - Payroll by Freelance.com","og_description":"Employer des salari\u00e9s en France : engager des talents fran\u00e7ais ou expatriez vos propres employ\u00e9s dans le pays gr\u00e2ce \u00e0 Payroll by Freelance.com !","og_url":"https:\/\/payroll.freelance.com\/fr\/employer-salaries-france\/","og_site_name":"Payroll","article_modified_time":"2023-02-13T15:06:45+00:00","og_image":[{"width":678,"height":630,"url":"https:\/\/payroll.freelance.com\/wp-content\/uploads\/2022\/11\/Sans-titre-1.jpg","type":"image\/jpeg"}],"twitter_card":"summary_large_image","twitter_misc":{"Dur\u00e9e de lecture estim\u00e9e":"1 minute"},"schema":{"@context":"https:\/\/schema.org","@graph":[{"@type":"WebPage","@id":"https:\/\/payroll.freelance.com\/fr\/employer-salaries-france\/","url":"https:\/\/payroll.freelance.com\/fr\/employer-salaries-france\/","name":"Emploi de salari\u00e9s en France - Payroll by Freelance.com","isPartOf":{"@id":"https:\/\/payroll.freelance.com\/fr\/#website"},"primaryImageOfPage":{"@id":"https:\/\/payroll.freelance.com\/fr\/employer-salaries-france\/#primaryimage"},"image":{"@id":"https:\/\/payroll.freelance.com\/fr\/employer-salaries-france\/#primaryimage"},"thumbnailUrl":"https:\/\/payroll.freelance.com\/wp-content\/uploads\/2022\/11\/Sans-titre-1.jpg","datePublished":"2022-10-13T16:00:18+00:00","dateModified":"2023-02-13T15:06:45+00:00","description":"Employer des salari\u00e9s en France : engager des talents fran\u00e7ais ou expatriez vos propres employ\u00e9s dans le pays gr\u00e2ce \u00e0 Payroll by Freelance.com !","breadcrumb":{"@id":"https:\/\/payroll.freelance.com\/fr\/employer-salaries-france\/#breadcrumb"},"inLanguage":"fr-FR","potentialAction":[{"@type":"ReadAction","target":["https:\/\/payroll.freelance.com\/fr\/employer-salaries-france\/"]}]},{"@type":"ImageObject","inLanguage":"fr-FR","@id":"https:\/\/payroll.freelance.com\/fr\/employer-salaries-france\/#primaryimage","url":"https:\/\/payroll.freelance.com\/wp-content\/uploads\/2022\/11\/Sans-titre-1.jpg","contentUrl":"https:\/\/payroll.freelance.com\/wp-content\/uploads\/2022\/11\/Sans-titre-1.jpg","width":678,"height":630,"caption":"fond gris uni"},{"@type":"BreadcrumbList","@id":"https:\/\/payroll.freelance.com\/fr\/employer-salaries-france\/#breadcrumb","itemListElement":[{"@type":"ListItem","position":1,"name":"Accueil","item":"https:\/\/payroll.freelance.com\/fr\/"},{"@type":"ListItem","position":2,"name":"Employer des salari\u00e9s en France"}]},{"@type":"WebSite","@id":"https:\/\/payroll.freelance.com\/fr\/#website","url":"https:\/\/payroll.freelance.com\/fr\/","name":"Payroll","description":"","potentialAction":[{"@type":"SearchAction","target":{"@type":"EntryPoint","urlTemplate":"https:\/\/payroll.freelance.com\/fr\/?s={search_term_string}"},"query-input":{"@type":"PropertyValueSpecification","valueRequired":true,"valueName":"search_term_string"}}],"inLanguage":"fr-FR"}]}},"_links":{"self":[{"href":"https:\/\/payroll.freelance.com\/fr\/wp-json\/wp\/v2\/pages\/1828","targetHints":{"allow":["GET"]}}],"collection":[{"href":"https:\/\/payroll.freelance.com\/fr\/wp-json\/wp\/v2\/pages"}],"about":[{"href":"https:\/\/payroll.freelance.com\/fr\/wp-json\/wp\/v2\/types\/page"}],"author":[{"embeddable":true,"href":"https:\/\/payroll.freelance.com\/fr\/wp-json\/wp\/v2\/users\/2"}],"replies":[{"embeddable":true,"href":"https:\/\/payroll.freelance.com\/fr\/wp-json\/wp\/v2\/comments?post=1828"}],"version-history":[{"count":0,"href":"https:\/\/payroll.freelance.com\/fr\/wp-json\/wp\/v2\/pages\/1828\/revisions"}],"wp:featuredmedia":[{"embeddable":true,"href":"https:\/\/payroll.freelance.com\/fr\/wp-json\/wp\/v2\/media\/2401"}],"wp:attachment":[{"href":"https:\/\/payroll.freelance.com\/fr\/wp-json\/wp\/v2\/media?parent=1828"}],"curies":[{"name":"wp","href":"https:\/\/api.w.org\/{rel}","templated":true}]}}